{"id":341797,"date":"2024-10-31T10:26:38","date_gmt":"2024-10-31T09:26:38","guid":{"rendered":"https:\/\/www.arclite-shop.de\/produkt\/597-gbs-18-9\/"},"modified":"2026-04-18T17:46:56","modified_gmt":"2026-04-18T15:46:56","slug":"597-gbs-18-9","status":"publish","type":"product","link":"https:\/\/www.arclite-shop.de\/es\/produkt\/597-gbs-18-9\/","title":{"rendered":"Conector GLOBAL Trac Base para suspensi\u00f3n de cuerda o p\u00e9ndulo - GBS anodizado 18-9"},"content":{"rendered":"<p>GLOBAL Trac Sto\u00dfstellenverbinder f\u00fcr Seil- oder Pendelabh\u00e4ngung- eloxiert<\/p>\n","protected":false},"excerpt":{"rendered":"<p>GLOBAL Trac Sto\u00dfstellenverbinder f\u00fcr Seil- oder Pendelabh\u00e4ngung- eloxiert<\/p>\n","protected":false},"featured_media":369641,"template":"","meta":[],"product_brand":[],"product_cat":[84591],"product_tag":[],"class_list":{"0":"post-341797","1":"product","2":"type-product","3":"status-publish","4":"has-post-thumbnail","6":"product_cat-mechanisches-zubehoer-ersatzteile-fuer-leuchten","8":"first","9":"instock","10":"taxable","11":"shipping-taxable","12":"product-type-simple"},"_links":{"self":[{"href":"https:\/\/www.arclite-shop.de\/es\/wp-json\/wp\/v2\/product\/341797","targetHints":{"allow":["GET"]}}],"collection":[{"href":"https:\/\/www.arclite-shop.de\/es\/wp-json\/wp\/v2\/product"}],"about":[{"href":"https:\/\/www.arclite-shop.de\/es\/wp-json\/wp\/v2\/types\/product"}],"wp:featuredmedia":[{"embeddable":true,"href":"https:\/\/www.arclite-shop.de\/es\/wp-json\/wp\/v2\/media\/369641"}],"wp:attachment":[{"href":"https:\/\/www.arclite-shop.de\/es\/wp-json\/wp\/v2\/media?parent=341797"}],"wp:term":[{"taxonomy":"product_brand","embeddable":true,"href":"https:\/\/www.arclite-shop.de\/es\/wp-json\/wp\/v2\/product_brand?post=341797"},{"taxonomy":"product_cat","embeddable":true,"href":"https:\/\/www.arclite-shop.de\/es\/wp-json\/wp\/v2\/product_cat?post=341797"},{"taxonomy":"product_tag","embeddable":true,"href":"https:\/\/www.arclite-shop.de\/es\/wp-json\/wp\/v2\/product_tag?post=341797"}],"curies":[{"name":"wp","href":"https:\/\/api.w.org\/{rel}","templated":true}]}}