{"id":341793,"date":"2024-10-31T10:26:35","date_gmt":"2024-10-31T09:26:35","guid":{"rendered":"https:\/\/www.arclite-shop.de\/produkt\/597-skb-16-3\/"},"modified":"2026-04-18T17:47:18","modified_gmt":"2026-04-18T15:47:18","slug":"597-skb-16-3","status":"publish","type":"product","link":"https:\/\/www.arclite-shop.de\/es\/produkt\/597-skb-16-3\/","title":{"rendered":"Abrazadera de suspensi\u00f3n GLOBAL Trac para suspensi\u00f3n de cuerda o p\u00e9ndulo - SKB 16-3 blanca"},"content":{"rendered":"<p>GLOBAL Trac Abh\u00e4ngeklammer f\u00fcr Seil- oder Pendelabh\u00e4ngung &#8211; weiss<\/p>\n","protected":false},"excerpt":{"rendered":"<p>GLOBAL Trac Abh\u00e4ngeklammer f\u00fcr Seil- oder Pendelabh\u00e4ngung &#8211; weiss<\/p>\n","protected":false},"featured_media":369651,"template":"","meta":[],"product_brand":[],"product_cat":[84591],"product_tag":[],"class_list":{"0":"post-341793","1":"product","2":"type-product","3":"status-publish","4":"has-post-thumbnail","6":"product_cat-mechanisches-zubehoer-ersatzteile-fuer-leuchten","8":"first","9":"outofstock","10":"taxable","11":"shipping-taxable","12":"product-type-simple"},"_links":{"self":[{"href":"https:\/\/www.arclite-shop.de\/es\/wp-json\/wp\/v2\/product\/341793","targetHints":{"allow":["GET"]}}],"collection":[{"href":"https:\/\/www.arclite-shop.de\/es\/wp-json\/wp\/v2\/product"}],"about":[{"href":"https:\/\/www.arclite-shop.de\/es\/wp-json\/wp\/v2\/types\/product"}],"wp:featuredmedia":[{"embeddable":true,"href":"https:\/\/www.arclite-shop.de\/es\/wp-json\/wp\/v2\/media\/369651"}],"wp:attachment":[{"href":"https:\/\/www.arclite-shop.de\/es\/wp-json\/wp\/v2\/media?parent=341793"}],"wp:term":[{"taxonomy":"product_brand","embeddable":true,"href":"https:\/\/www.arclite-shop.de\/es\/wp-json\/wp\/v2\/product_brand?post=341793"},{"taxonomy":"product_cat","embeddable":true,"href":"https:\/\/www.arclite-shop.de\/es\/wp-json\/wp\/v2\/product_cat?post=341793"},{"taxonomy":"product_tag","embeddable":true,"href":"https:\/\/www.arclite-shop.de\/es\/wp-json\/wp\/v2\/product_tag?post=341793"}],"curies":[{"name":"wp","href":"https:\/\/api.w.org\/{rel}","templated":true}]}}