{"id":341762,"date":"2024-10-31T10:26:14","date_gmt":"2024-10-31T09:26:14","guid":{"rendered":"https:\/\/www.arclite-shop.de\/produkt\/597-ga-100-1\/"},"modified":"2026-04-18T17:49:09","modified_gmt":"2026-04-18T15:49:09","slug":"597-ga-100-1","status":"publish","type":"product","link":"https:\/\/www.arclite-shop.de\/es\/produkt\/597-ga-100-1\/","title":{"rendered":"GLOBAL Trac Pro Multi Adaptor para barra colectora trif\u00e1sica, 100N - gris GA 100-1"},"content":{"rendered":"<p>GLOBAL Trac Pro Multi-Adapter f\u00fcr 3-Phasen Stromschiene, Endkappe wechselbar f\u00fcr GAC Version oder Trafobox-Installationen, 10A, 250V, Schutzklasse I, 100N &#8211; grau<\/p>\n","protected":false},"excerpt":{"rendered":"<p>GLOBAL Trac Pro Multi-Adapter f\u00fcr 3-Phasen Stromschiene, Endkappe wechselbar f\u00fcr GAC Version oder Trafobox-Installationen, 10A, 250V, Schutzklasse I, 100N &#8211; grau<\/p>\n","protected":false},"featured_media":369695,"template":"","meta":[],"product_brand":[],"product_cat":[84574],"product_tag":[],"class_list":{"0":"post-341762","1":"product","2":"type-product","3":"status-publish","4":"has-post-thumbnail","6":"product_cat-elektrisches-zubehoer-ersatzteile-fuer-leuchten","8":"first","9":"instock","10":"taxable","11":"shipping-taxable","12":"product-type-simple"},"_links":{"self":[{"href":"https:\/\/www.arclite-shop.de\/es\/wp-json\/wp\/v2\/product\/341762","targetHints":{"allow":["GET"]}}],"collection":[{"href":"https:\/\/www.arclite-shop.de\/es\/wp-json\/wp\/v2\/product"}],"about":[{"href":"https:\/\/www.arclite-shop.de\/es\/wp-json\/wp\/v2\/types\/product"}],"wp:featuredmedia":[{"embeddable":true,"href":"https:\/\/www.arclite-shop.de\/es\/wp-json\/wp\/v2\/media\/369695"}],"wp:attachment":[{"href":"https:\/\/www.arclite-shop.de\/es\/wp-json\/wp\/v2\/media?parent=341762"}],"wp:term":[{"taxonomy":"product_brand","embeddable":true,"href":"https:\/\/www.arclite-shop.de\/es\/wp-json\/wp\/v2\/product_brand?post=341762"},{"taxonomy":"product_cat","embeddable":true,"href":"https:\/\/www.arclite-shop.de\/es\/wp-json\/wp\/v2\/product_cat?post=341762"},{"taxonomy":"product_tag","embeddable":true,"href":"https:\/\/www.arclite-shop.de\/es\/wp-json\/wp\/v2\/product_tag?post=341762"}],"curies":[{"name":"wp","href":"https:\/\/api.w.org\/{rel}","templated":true}]}}