{"id":341759,"date":"2024-10-31T10:26:12","date_gmt":"2024-10-31T09:26:12","guid":{"rendered":"https:\/\/www.arclite-shop.de\/produkt\/597-xts-24-1\/"},"modified":"2026-04-18T17:49:22","modified_gmt":"2026-04-18T15:49:22","slug":"597-xts-24-1","status":"publish","type":"product","link":"https:\/\/www.arclite-shop.de\/es\/produkt\/597-xts-24-1\/","title":{"rendered":"Conector de esquina GLOBAL Trac Pro para ra\u00edl de montaje superficial trif\u00e1sico, conector el\u00e9ctrico ajustable en la esquina, 60\u00b0-300\u00b0 - XTS 24-1 gris"},"content":{"rendered":"<p>GLOBAL Trac Pro einstellbarer elektrischer Eckverbinder, 60\u00b0-300\u00b0 grau<\/p>\n","protected":false},"excerpt":{"rendered":"<p>GLOBAL Trac Pro einstellbarer elektrischer Eckverbinder, 60\u00b0-300\u00b0 grau<\/p>\n","protected":false},"featured_media":369701,"template":"","meta":[],"product_brand":[],"product_cat":[84574],"product_tag":[],"class_list":{"0":"post-341759","1":"product","2":"type-product","3":"status-publish","4":"has-post-thumbnail","6":"product_cat-elektrisches-zubehoer-ersatzteile-fuer-leuchten","8":"first","9":"outofstock","10":"taxable","11":"shipping-taxable","12":"product-type-simple"},"_links":{"self":[{"href":"https:\/\/www.arclite-shop.de\/es\/wp-json\/wp\/v2\/product\/341759","targetHints":{"allow":["GET"]}}],"collection":[{"href":"https:\/\/www.arclite-shop.de\/es\/wp-json\/wp\/v2\/product"}],"about":[{"href":"https:\/\/www.arclite-shop.de\/es\/wp-json\/wp\/v2\/types\/product"}],"wp:featuredmedia":[{"embeddable":true,"href":"https:\/\/www.arclite-shop.de\/es\/wp-json\/wp\/v2\/media\/369701"}],"wp:attachment":[{"href":"https:\/\/www.arclite-shop.de\/es\/wp-json\/wp\/v2\/media?parent=341759"}],"wp:term":[{"taxonomy":"product_brand","embeddable":true,"href":"https:\/\/www.arclite-shop.de\/es\/wp-json\/wp\/v2\/product_brand?post=341759"},{"taxonomy":"product_cat","embeddable":true,"href":"https:\/\/www.arclite-shop.de\/es\/wp-json\/wp\/v2\/product_cat?post=341759"},{"taxonomy":"product_tag","embeddable":true,"href":"https:\/\/www.arclite-shop.de\/es\/wp-json\/wp\/v2\/product_tag?post=341759"}],"curies":[{"name":"wp","href":"https:\/\/api.w.org\/{rel}","templated":true}]}}