{"id":341729,"date":"2024-10-31T10:25:52","date_gmt":"2024-10-31T09:25:52","guid":{"rendered":"https:\/\/www.arclite-shop.de\/produkt\/597-xts-21-1\/"},"modified":"2026-04-28T12:10:42","modified_gmt":"2026-04-28T10:10:42","slug":"597-xts-21-1","status":"publish","type":"product","link":"https:\/\/www.arclite-shop.de\/es\/produkt\/597-xts-21-1\/","title":{"rendered":"Conector GLOBAL Trac Pro para ra\u00edl de montaje superficial trif\u00e1sico, conector longitudinal el\u00e9ctrico - XTS 21-1 gris"},"content":{"rendered":"<p>GLOBAL Trac Pro Verbinder f\u00fcr 3-Phasen Aufbauschiene, elektrischer L\u00e4ngsverbinder &#8211; grau <\/p>\n","protected":false},"excerpt":{"rendered":"<p>GLOBAL Trac Pro Verbinder f\u00fcr 3-Phasen Aufbauschiene, elektrischer L\u00e4ngsverbinder &#8211; grau<\/p>\n","protected":false},"featured_media":369735,"template":"","meta":[],"product_brand":[],"product_cat":[84574],"product_tag":[],"class_list":{"0":"post-341729","1":"product","2":"type-product","3":"status-publish","4":"has-post-thumbnail","6":"product_cat-elektrisches-zubehoer-ersatzteile-fuer-leuchten","8":"first","9":"instock","10":"taxable","11":"shipping-taxable","12":"product-type-simple"},"_links":{"self":[{"href":"https:\/\/www.arclite-shop.de\/es\/wp-json\/wp\/v2\/product\/341729","targetHints":{"allow":["GET"]}}],"collection":[{"href":"https:\/\/www.arclite-shop.de\/es\/wp-json\/wp\/v2\/product"}],"about":[{"href":"https:\/\/www.arclite-shop.de\/es\/wp-json\/wp\/v2\/types\/product"}],"wp:featuredmedia":[{"embeddable":true,"href":"https:\/\/www.arclite-shop.de\/es\/wp-json\/wp\/v2\/media\/369735"}],"wp:attachment":[{"href":"https:\/\/www.arclite-shop.de\/es\/wp-json\/wp\/v2\/media?parent=341729"}],"wp:term":[{"taxonomy":"product_brand","embeddable":true,"href":"https:\/\/www.arclite-shop.de\/es\/wp-json\/wp\/v2\/product_brand?post=341729"},{"taxonomy":"product_cat","embeddable":true,"href":"https:\/\/www.arclite-shop.de\/es\/wp-json\/wp\/v2\/product_cat?post=341729"},{"taxonomy":"product_tag","embeddable":true,"href":"https:\/\/www.arclite-shop.de\/es\/wp-json\/wp\/v2\/product_tag?post=341729"}],"curies":[{"name":"wp","href":"https:\/\/api.w.org\/{rel}","templated":true}]}}