{"id":341505,"date":"2024-10-31T10:23:28","date_gmt":"2024-10-31T09:23:28","guid":{"rendered":"https:\/\/www.arclite-shop.de\/produkt\/514-ldc-55da\/"},"modified":"2026-04-18T18:07:27","modified_gmt":"2026-04-18T16:07:27","slug":"514-ldc-55da","status":"publish","type":"product","link":"https:\/\/www.arclite-shop.de\/es\/produkt\/514-ldc-55da\/","title":{"rendered":"DRIVER MEAN WELL LED Constante Power LDC 180-295V CA \/ 55W 27-56V, 500-1600mA DALI LDC-55DA"},"content":{"rendered":"<p>LED Netzteil, Metallgeh\u00e4use, Eingangsspannung 180-295VAC. Konstantleistung 55W, 27-56V\/500-1600mA, IP20, Dimmung \u00fcber push-dim und DALI, \u00dcberlastungsschutz, Kurzschlusssschutz, \u00dcbertemperaturschutz.<\/p>\n","protected":false},"excerpt":{"rendered":"<p>LED Netzteil, Metallgeh\u00e4use, Eingangsspannung 180-295VAC. Konstantleistung 55W, 27-56V\/500-1600mA, IP20, Dimmung \u00fcber push-dim und DALI, \u00dcberlastungsschutz, Kurzschlusssschutz, \u00dcbertemperaturschutz.<\/p>\n","protected":false},"featured_media":369839,"template":"","meta":[],"product_brand":[],"product_cat":[84631],"product_tag":[],"class_list":{"0":"post-341505","1":"product","2":"type-product","3":"status-publish","4":"has-post-thumbnail","6":"product_cat-led-betriebsgeraet","8":"first","9":"instock","10":"taxable","11":"shipping-taxable","12":"product-type-simple"},"_links":{"self":[{"href":"https:\/\/www.arclite-shop.de\/es\/wp-json\/wp\/v2\/product\/341505","targetHints":{"allow":["GET"]}}],"collection":[{"href":"https:\/\/www.arclite-shop.de\/es\/wp-json\/wp\/v2\/product"}],"about":[{"href":"https:\/\/www.arclite-shop.de\/es\/wp-json\/wp\/v2\/types\/product"}],"wp:featuredmedia":[{"embeddable":true,"href":"https:\/\/www.arclite-shop.de\/es\/wp-json\/wp\/v2\/media\/369839"}],"wp:attachment":[{"href":"https:\/\/www.arclite-shop.de\/es\/wp-json\/wp\/v2\/media?parent=341505"}],"wp:term":[{"taxonomy":"product_brand","embeddable":true,"href":"https:\/\/www.arclite-shop.de\/es\/wp-json\/wp\/v2\/product_brand?post=341505"},{"taxonomy":"product_cat","embeddable":true,"href":"https:\/\/www.arclite-shop.de\/es\/wp-json\/wp\/v2\/product_cat?post=341505"},{"taxonomy":"product_tag","embeddable":true,"href":"https:\/\/www.arclite-shop.de\/es\/wp-json\/wp\/v2\/product_tag?post=341505"}],"curies":[{"name":"wp","href":"https:\/\/api.w.org\/{rel}","templated":true}]}}