{"id":341494,"date":"2024-10-31T10:23:20","date_gmt":"2024-10-31T09:23:20","guid":{"rendered":"https:\/\/www.arclite-shop.de\/produkt\/514-hbg-100-48a\/"},"modified":"2026-04-18T18:08:22","modified_gmt":"2026-04-18T16:08:22","slug":"514-hbg-100-48a","status":"publish","type":"product","link":"https:\/\/www.arclite-shop.de\/es\/produkt\/514-hbg-100-48a\/","title":{"rendered":"MEAN WELL LED Conductor Corriente constante HGB-A 90-305V CA, 127-431V DC \/ 96W 2000mA 48V HBG-100-48A"},"content":{"rendered":"<p>LED Netzteil, Metallgeh\u00e4use, Leistung 96W, Eingangsspannung 90-305V AC; 127-431V DC. Konstantstrom 2A\/48V. IP65. Strombegrenzung \u00fcber internes Potentiometer einstellbar, \u00dcberlastungsschutz, Kurzschlusssschutz, \u00dcbertemperaturschutz.<\/p>\n","protected":false},"excerpt":{"rendered":"<p>LED Netzteil, Metallgeh\u00e4use, Leistung 96W, Eingangsspannung 90-305V AC; 127-431V DC. Konstantstrom 2A\/48V. IP65. Strombegrenzung \u00fcber internes Potentiometer einstellbar, \u00dcberlastungsschutz, Kurzschlusssschutz, \u00dcbertemperaturschutz.<\/p>\n","protected":false},"featured_media":369863,"template":"","meta":[],"product_brand":[],"product_cat":[84631],"product_tag":[],"class_list":{"0":"post-341494","1":"product","2":"type-product","3":"status-publish","4":"has-post-thumbnail","6":"product_cat-led-betriebsgeraet","8":"first","9":"instock","10":"taxable","11":"shipping-taxable","12":"product-type-simple"},"_links":{"self":[{"href":"https:\/\/www.arclite-shop.de\/es\/wp-json\/wp\/v2\/product\/341494","targetHints":{"allow":["GET"]}}],"collection":[{"href":"https:\/\/www.arclite-shop.de\/es\/wp-json\/wp\/v2\/product"}],"about":[{"href":"https:\/\/www.arclite-shop.de\/es\/wp-json\/wp\/v2\/types\/product"}],"wp:featuredmedia":[{"embeddable":true,"href":"https:\/\/www.arclite-shop.de\/es\/wp-json\/wp\/v2\/media\/369863"}],"wp:attachment":[{"href":"https:\/\/www.arclite-shop.de\/es\/wp-json\/wp\/v2\/media?parent=341494"}],"wp:term":[{"taxonomy":"product_brand","embeddable":true,"href":"https:\/\/www.arclite-shop.de\/es\/wp-json\/wp\/v2\/product_brand?post=341494"},{"taxonomy":"product_cat","embeddable":true,"href":"https:\/\/www.arclite-shop.de\/es\/wp-json\/wp\/v2\/product_cat?post=341494"},{"taxonomy":"product_tag","embeddable":true,"href":"https:\/\/www.arclite-shop.de\/es\/wp-json\/wp\/v2\/product_tag?post=341494"}],"curies":[{"name":"wp","href":"https:\/\/api.w.org\/{rel}","templated":true}]}}