{"id":341456,"date":"2024-10-31T10:22:55","date_gmt":"2024-10-31T09:22:55","guid":{"rendered":"https:\/\/www.arclite-shop.de\/produkt\/514-elgc-300-l-ab\/"},"modified":"2026-04-18T18:10:46","modified_gmt":"2026-04-18T16:10:46","slug":"514-elgc-300-l-ab","status":"publish","type":"product","link":"https:\/\/www.arclite-shop.de\/es\/produkt\/514-elgc-300-l-ab\/","title":{"rendered":"MEAN WELL LED Driver Constante Power ELGC-AB 100-305V CA, 142-431V CC\/ 301W 116-232V 1400mA ELGC-300-L-AB"},"content":{"rendered":"<p>LED Netzteil, Metallgeh\u00e4use, Eingangsspannung 100-305V AC;142-431V DC. Konstantleistung 301, 6W, 116-232V\/1400mA. IP67, 3in1 Dimmung (Widerstand, PWM, 0-10VDC), Strombegrenzung \u00fcber internes Potentiometer einstellbar, \u00dcberlastungsschutz, Kurzschlusssschutz, \u00dcbertemperaturschutz.<\/p>\n","protected":false},"excerpt":{"rendered":"<p>LED Netzteil, Metallgeh\u00e4use, Eingangsspannung 100-305V AC;142-431V DC. Konstantleistung 301, 6W, 116-232V\/1400mA. IP67, 3in1 Dimmung (Widerstand, PWM, 0-10VDC), Strombegrenzung \u00fcber internes Potentiometer einstellbar, \u00dcberlastungsschutz, Kurzschlusssschutz, \u00dcbertemperaturschutz.<\/p>\n","protected":false},"featured_media":369871,"template":"","meta":[],"product_brand":[],"product_cat":[84631],"product_tag":[],"class_list":{"0":"post-341456","1":"product","2":"type-product","3":"status-publish","4":"has-post-thumbnail","6":"product_cat-led-betriebsgeraet","8":"first","9":"instock","10":"taxable","11":"shipping-taxable","12":"product-type-simple"},"_links":{"self":[{"href":"https:\/\/www.arclite-shop.de\/es\/wp-json\/wp\/v2\/product\/341456","targetHints":{"allow":["GET"]}}],"collection":[{"href":"https:\/\/www.arclite-shop.de\/es\/wp-json\/wp\/v2\/product"}],"about":[{"href":"https:\/\/www.arclite-shop.de\/es\/wp-json\/wp\/v2\/types\/product"}],"wp:featuredmedia":[{"embeddable":true,"href":"https:\/\/www.arclite-shop.de\/es\/wp-json\/wp\/v2\/media\/369871"}],"wp:attachment":[{"href":"https:\/\/www.arclite-shop.de\/es\/wp-json\/wp\/v2\/media?parent=341456"}],"wp:term":[{"taxonomy":"product_brand","embeddable":true,"href":"https:\/\/www.arclite-shop.de\/es\/wp-json\/wp\/v2\/product_brand?post=341456"},{"taxonomy":"product_cat","embeddable":true,"href":"https:\/\/www.arclite-shop.de\/es\/wp-json\/wp\/v2\/product_cat?post=341456"},{"taxonomy":"product_tag","embeddable":true,"href":"https:\/\/www.arclite-shop.de\/es\/wp-json\/wp\/v2\/product_tag?post=341456"}],"curies":[{"name":"wp","href":"https:\/\/api.w.org\/{rel}","templated":true}]}}