{"id":341367,"date":"2024-10-31T10:21:55","date_gmt":"2024-10-31T09:21:55","guid":{"rendered":"https:\/\/www.arclite-shop.de\/produkt\/514-elg-200-48ab-3y\/"},"modified":"2026-04-18T18:17:40","modified_gmt":"2026-04-18T16:17:40","slug":"514-elg-200-48ab-3y","status":"publish","type":"product","link":"https:\/\/www.arclite-shop.de\/es\/produkt\/514-elg-200-48ab-3y\/","title":{"rendered":"MEAN WELL LED Driver Voltaje constante ELG-AB 100-305V CA, 140-430V CC\/ 48V DC 199W, 3in1 ATENUADO ELG-200-48AB-3Y"},"content":{"rendered":"<p>LED Netzteil, Metallgeh\u00e4use, Leistung 199W, Eingangsspannung 100-305V AC;140-430V DC. Konstantspannungsausgang 48V. IP65, 3in1 Dimmung (Widerstand, PWM, 0-10VDC), Ausgangsspannung und Strombegrenzung \u00fcber internes Potentiometer einstellbar, \u00dcberlastungsschutz, Kurzschlusssschutz, \u00dcbertemperaturschutz.<\/p>\n","protected":false},"excerpt":{"rendered":"<p>LED Netzteil, Metallgeh\u00e4use, Leistung 199W, Eingangsspannung 100-305V AC;140-430V DC. Konstantspannungsausgang 48V. IP65, 3in1 Dimmung (Widerstand, PWM, 0-10VDC), Ausgangsspannung und Strombegrenzung \u00fcber internes Potentiometer einstellbar, \u00dcberlastungsschutz, Kurzschlusssschutz, \u00dcbertemperaturschutz.<\/p>\n","protected":false},"featured_media":369871,"template":"","meta":[],"product_brand":[],"product_cat":[84631],"product_tag":[],"class_list":{"0":"post-341367","1":"product","2":"type-product","3":"status-publish","4":"has-post-thumbnail","6":"product_cat-led-betriebsgeraet","8":"first","9":"instock","10":"taxable","11":"shipping-taxable","12":"product-type-simple"},"_links":{"self":[{"href":"https:\/\/www.arclite-shop.de\/es\/wp-json\/wp\/v2\/product\/341367","targetHints":{"allow":["GET"]}}],"collection":[{"href":"https:\/\/www.arclite-shop.de\/es\/wp-json\/wp\/v2\/product"}],"about":[{"href":"https:\/\/www.arclite-shop.de\/es\/wp-json\/wp\/v2\/types\/product"}],"wp:featuredmedia":[{"embeddable":true,"href":"https:\/\/www.arclite-shop.de\/es\/wp-json\/wp\/v2\/media\/369871"}],"wp:attachment":[{"href":"https:\/\/www.arclite-shop.de\/es\/wp-json\/wp\/v2\/media?parent=341367"}],"wp:term":[{"taxonomy":"product_brand","embeddable":true,"href":"https:\/\/www.arclite-shop.de\/es\/wp-json\/wp\/v2\/product_brand?post=341367"},{"taxonomy":"product_cat","embeddable":true,"href":"https:\/\/www.arclite-shop.de\/es\/wp-json\/wp\/v2\/product_cat?post=341367"},{"taxonomy":"product_tag","embeddable":true,"href":"https:\/\/www.arclite-shop.de\/es\/wp-json\/wp\/v2\/product_tag?post=341367"}],"curies":[{"name":"wp","href":"https:\/\/api.w.org\/{rel}","templated":true}]}}