{"id":341249,"date":"2024-10-31T10:20:40","date_gmt":"2024-10-31T09:20:40","guid":{"rendered":"https:\/\/www.arclite-shop.de\/produkt\/514-hlg-150h-48\/"},"modified":"2026-04-18T18:24:58","modified_gmt":"2026-04-18T16:24:58","slug":"514-hlg-150h-48","status":"publish","type":"product","link":"https:\/\/www.arclite-shop.de\/es\/produkt\/514-hlg-150h-48\/","title":{"rendered":"MEAN WELL LED Driver Voltaje Constante HLG0-305V AC, 130-430V DC\/ 48V DC 153W HLG-150H-48"},"content":{"rendered":"<p>LED Netzteil, Metallgeh\u00e4use, Leistung 153W, Eingangsspannung 90-305V AC;130-430V DC. Konstantspannungsausgang 48V. IP67. \u00dcberlastungsschutz, Kurzschlusssschutz, \u00dcbertemperaturschutz.<\/p>\n","protected":false},"excerpt":{"rendered":"<p>LED Netzteil, Metallgeh\u00e4use, Leistung 153W, Eingangsspannung 90-305V AC;130-430V DC. Konstantspannungsausgang 48V. IP67. \u00dcberlastungsschutz, Kurzschlusssschutz, \u00dcbertemperaturschutz.<\/p>\n","protected":false},"featured_media":369941,"template":"","meta":[],"product_brand":[],"product_cat":[84631],"product_tag":[],"class_list":{"0":"post-341249","1":"product","2":"type-product","3":"status-publish","4":"has-post-thumbnail","6":"product_cat-led-betriebsgeraet","8":"first","9":"instock","10":"taxable","11":"shipping-taxable","12":"product-type-simple"},"_links":{"self":[{"href":"https:\/\/www.arclite-shop.de\/es\/wp-json\/wp\/v2\/product\/341249","targetHints":{"allow":["GET"]}}],"collection":[{"href":"https:\/\/www.arclite-shop.de\/es\/wp-json\/wp\/v2\/product"}],"about":[{"href":"https:\/\/www.arclite-shop.de\/es\/wp-json\/wp\/v2\/types\/product"}],"wp:featuredmedia":[{"embeddable":true,"href":"https:\/\/www.arclite-shop.de\/es\/wp-json\/wp\/v2\/media\/369941"}],"wp:attachment":[{"href":"https:\/\/www.arclite-shop.de\/es\/wp-json\/wp\/v2\/media?parent=341249"}],"wp:term":[{"taxonomy":"product_brand","embeddable":true,"href":"https:\/\/www.arclite-shop.de\/es\/wp-json\/wp\/v2\/product_brand?post=341249"},{"taxonomy":"product_cat","embeddable":true,"href":"https:\/\/www.arclite-shop.de\/es\/wp-json\/wp\/v2\/product_cat?post=341249"},{"taxonomy":"product_tag","embeddable":true,"href":"https:\/\/www.arclite-shop.de\/es\/wp-json\/wp\/v2\/product_tag?post=341249"}],"curies":[{"name":"wp","href":"https:\/\/api.w.org\/{rel}","templated":true}]}}