{"id":341216,"date":"2024-10-31T10:20:19","date_gmt":"2024-10-31T09:20:19","guid":{"rendered":"https:\/\/www.arclite-shop.de\/produkt\/514-hlg-80h-24a\/"},"modified":"2026-04-18T18:27:09","modified_gmt":"2026-04-18T16:27:09","slug":"514-hlg-80h-24a","status":"publish","type":"product","link":"https:\/\/www.arclite-shop.de\/es\/produkt\/514-hlg-80h-24a\/","title":{"rendered":"MEAN WELL LED Controlador de Tensi\u00f3n Constante HLG-A0-305V AC, 130-430V DC\/ 24V DC 80W HLG-80H-24A"},"content":{"rendered":"<p>LED Netzteil, Metallgeh\u00e4use, Leistung 80W, Eingangsspannung 90-305V AC;130-430V DC. Konstantspannungsausgang 24V. IP65. Ausgangsspannung und Strombegrenzung \u00fcber internes Potentiometer einstellbar, \u00dcberlastungsschutz, Kurzschlusssschutz, \u00dcbertemperaturschutz.<\/p>\n","protected":false},"excerpt":{"rendered":"<p>LED Netzteil, Metallgeh\u00e4use, Leistung 80W, Eingangsspannung 90-305V AC;130-430V DC. Konstantspannungsausgang 24V. IP65. Ausgangsspannung und Strombegrenzung \u00fcber internes Potentiometer einstellbar, \u00dcberlastungsschutz, Kurzschlusssschutz, \u00dcbertemperaturschutz.<\/p>\n","protected":false},"featured_media":369959,"template":"","meta":[],"product_brand":[],"product_cat":[84631],"product_tag":[],"class_list":{"0":"post-341216","1":"product","2":"type-product","3":"status-publish","4":"has-post-thumbnail","6":"product_cat-led-betriebsgeraet","8":"first","9":"instock","10":"taxable","11":"shipping-taxable","12":"product-type-simple"},"_links":{"self":[{"href":"https:\/\/www.arclite-shop.de\/es\/wp-json\/wp\/v2\/product\/341216","targetHints":{"allow":["GET"]}}],"collection":[{"href":"https:\/\/www.arclite-shop.de\/es\/wp-json\/wp\/v2\/product"}],"about":[{"href":"https:\/\/www.arclite-shop.de\/es\/wp-json\/wp\/v2\/types\/product"}],"wp:featuredmedia":[{"embeddable":true,"href":"https:\/\/www.arclite-shop.de\/es\/wp-json\/wp\/v2\/media\/369959"}],"wp:attachment":[{"href":"https:\/\/www.arclite-shop.de\/es\/wp-json\/wp\/v2\/media?parent=341216"}],"wp:term":[{"taxonomy":"product_brand","embeddable":true,"href":"https:\/\/www.arclite-shop.de\/es\/wp-json\/wp\/v2\/product_brand?post=341216"},{"taxonomy":"product_cat","embeddable":true,"href":"https:\/\/www.arclite-shop.de\/es\/wp-json\/wp\/v2\/product_cat?post=341216"},{"taxonomy":"product_tag","embeddable":true,"href":"https:\/\/www.arclite-shop.de\/es\/wp-json\/wp\/v2\/product_tag?post=341216"}],"curies":[{"name":"wp","href":"https:\/\/api.w.org\/{rel}","templated":true}]}}