{"id":341114,"date":"2024-10-31T10:19:13","date_gmt":"2024-10-31T09:19:13","guid":{"rendered":"https:\/\/www.arclite-shop.de\/produkt\/111-575-1-1215-6\/"},"modified":"2026-04-18T18:38:46","modified_gmt":"2026-04-18T16:38:46","slug":"111-575-1-1215-6","status":"publish","type":"product","link":"https:\/\/www.arclite-shop.de\/es\/produkt\/111-575-1-1215-6\/","title":{"rendered":"Conector en T EUTRAC para ra\u00edl montado en 3 fases BASIC, conductor protector exterior, izquierda, con opci\u00f3n de entrada - blanco 575 1 1215 6"},"content":{"rendered":"<p>EUTRAC Standard T-Verbinder f\u00fcr 3-Phasen Aufbauschiene BASIC, Schutzleiter au\u00dfen, links mit Einspeisem\u00f6glichkeit &#8211; weiss<\/p>\n","protected":false},"excerpt":{"rendered":"<p>EUTRAC Standard T-Verbinder f\u00fcr 3-Phasen Aufbauschiene BASIC, Schutzleiter au\u00dfen, links mit Einspeisem\u00f6glichkeit &#8211; weiss<\/p>\n","protected":false},"featured_media":370025,"template":"","meta":[],"product_brand":[],"product_cat":[84574],"product_tag":[],"class_list":{"0":"post-341114","1":"product","2":"type-product","3":"status-publish","4":"has-post-thumbnail","6":"product_cat-elektrisches-zubehoer-ersatzteile-fuer-leuchten","8":"first","9":"instock","10":"taxable","11":"shipping-taxable","12":"product-type-simple"},"_links":{"self":[{"href":"https:\/\/www.arclite-shop.de\/es\/wp-json\/wp\/v2\/product\/341114","targetHints":{"allow":["GET"]}}],"collection":[{"href":"https:\/\/www.arclite-shop.de\/es\/wp-json\/wp\/v2\/product"}],"about":[{"href":"https:\/\/www.arclite-shop.de\/es\/wp-json\/wp\/v2\/types\/product"}],"wp:featuredmedia":[{"embeddable":true,"href":"https:\/\/www.arclite-shop.de\/es\/wp-json\/wp\/v2\/media\/370025"}],"wp:attachment":[{"href":"https:\/\/www.arclite-shop.de\/es\/wp-json\/wp\/v2\/media?parent=341114"}],"wp:term":[{"taxonomy":"product_brand","embeddable":true,"href":"https:\/\/www.arclite-shop.de\/es\/wp-json\/wp\/v2\/product_brand?post=341114"},{"taxonomy":"product_cat","embeddable":true,"href":"https:\/\/www.arclite-shop.de\/es\/wp-json\/wp\/v2\/product_cat?post=341114"},{"taxonomy":"product_tag","embeddable":true,"href":"https:\/\/www.arclite-shop.de\/es\/wp-json\/wp\/v2\/product_tag?post=341114"}],"curies":[{"name":"wp","href":"https:\/\/api.w.org\/{rel}","templated":true}]}}