{"id":341079,"date":"2024-10-31T10:18:49","date_gmt":"2024-10-31T09:18:49","guid":{"rendered":"https:\/\/www.arclite-shop.de\/produkt\/111-15-402\/"},"modified":"2026-04-18T18:41:06","modified_gmt":"2026-04-18T16:41:06","slug":"111-15-402","status":"publish","type":"product","link":"https:\/\/www.arclite-shop.de\/es\/produkt\/111-15-402\/","title":{"rendered":"Ra\u00edl montado en 3 fases EUTRAC BASIC 4000mm, negro 15-402"},"content":{"rendered":"<p>EUTRAC BASIC 5-Leiter-Stromschiene (L1\/L2\/L3\/N\/Erde) f\u00fcr drei Stromkreise 16A\/440V, f\u00fcr Decken-, Wand- und H\u00e4ngemontage. Bestehend aus einem stranggepressten Aluminiumprofil und zwei starren, stranggepressten Tr\u00e4gerprofilen aus hochfestem Elektromaterialen, mit je zwei eingebetteten Kupferleitern mit einem Querschnitt von 3,3 mm\u00b2 f\u00fcr drei unabh\u00e4ngige schaltbare Stromkreise, Erdung durch das Aluminiumprofil.Leichter vor Ort mit einer handels\u00fcblichen S\u00e4ge zuschneidbar, gestanzte Langl\u00f6cher zur Befestigung. 4000mm, schwarz<\/p>\n","protected":false},"excerpt":{"rendered":"<p>EUTRAC BASIC 5-Leiter-Stromschiene (L1\/L2\/L3\/N\/Erde) f\u00fcr drei Stromkreise 16A\/440V, f\u00fcr Decken-, Wand- und H\u00e4ngemontage. Bestehend aus einem stranggepressten Aluminiumprofil und zwei starren, stranggepressten Tr\u00e4gerprofilen aus hochfestem Elektromaterialen, mit je zwei eingebetteten Kupferleitern mit einem Querschnitt von 3,3 mm\u00b2 f\u00fcr drei unabh\u00e4ngige<span class=\"excerpt-hellip\"> [\u2026]<\/span><\/p>\n","protected":false},"featured_media":370047,"template":"","meta":[],"product_brand":[],"product_cat":[84573],"product_tag":[],"class_list":{"0":"post-341079","1":"product","2":"type-product","3":"status-publish","4":"has-post-thumbnail","6":"product_cat-stromschiene","8":"first","9":"instock","10":"taxable","11":"shipping-taxable","12":"product-type-simple"},"_links":{"self":[{"href":"https:\/\/www.arclite-shop.de\/es\/wp-json\/wp\/v2\/product\/341079","targetHints":{"allow":["GET"]}}],"collection":[{"href":"https:\/\/www.arclite-shop.de\/es\/wp-json\/wp\/v2\/product"}],"about":[{"href":"https:\/\/www.arclite-shop.de\/es\/wp-json\/wp\/v2\/types\/product"}],"wp:featuredmedia":[{"embeddable":true,"href":"https:\/\/www.arclite-shop.de\/es\/wp-json\/wp\/v2\/media\/370047"}],"wp:attachment":[{"href":"https:\/\/www.arclite-shop.de\/es\/wp-json\/wp\/v2\/media?parent=341079"}],"wp:term":[{"taxonomy":"product_brand","embeddable":true,"href":"https:\/\/www.arclite-shop.de\/es\/wp-json\/wp\/v2\/product_brand?post=341079"},{"taxonomy":"product_cat","embeddable":true,"href":"https:\/\/www.arclite-shop.de\/es\/wp-json\/wp\/v2\/product_cat?post=341079"},{"taxonomy":"product_tag","embeddable":true,"href":"https:\/\/www.arclite-shop.de\/es\/wp-json\/wp\/v2\/product_tag?post=341079"}],"curies":[{"name":"wp","href":"https:\/\/api.w.org\/{rel}","templated":true}]}}