{"id":341077,"date":"2024-10-31T10:18:48","date_gmt":"2024-10-31T09:18:48","guid":{"rendered":"https:\/\/www.arclite-shop.de\/produkt\/111-15-303\/"},"modified":"2026-04-18T18:41:11","modified_gmt":"2026-04-18T16:41:11","slug":"111-15-303","status":"publish","type":"product","link":"https:\/\/www.arclite-shop.de\/es\/produkt\/111-15-303\/","title":{"rendered":"Rail-rail 3 f\u00e1sicos montados en superficie EUTRAC 3000mm, anodizado 15-303"},"content":{"rendered":"<p>EUTRAC BASIC 5-Leiter-Stromschiene (L1\/L2\/L3\/N\/Erde) f\u00fcr drei Stromkreise 16A\/440V, f\u00fcr Decken-, Wand- und H\u00e4ngemontage.Bestehend aus einem stranggepressten Aluminiumprofil und zwei starren stranggepressten Tr\u00e4gerprofilen aus hochfestem Elektroisoliermaterial mit jeweils zwei eingebetteten Kupferleitern mit einem Querschnitt von 3,3 mm\u00b2 f\u00fcr drei unabh\u00e4ngige schaltbare Stromkreise, Erdung durch das Aluminiumprofil.<br \/>\nLeicht vor Ort mit einer handels\u00fcblichen S\u00e4ge zuschneidbar, gestanzte Langl\u00f6cher zur Befestigung. 3000mm, eluxiert<\/p>\n","protected":false},"excerpt":{"rendered":"<p>EUTRAC BASIC 5-Leiter-Stromschiene (L1\/L2\/L3\/N\/Erde) f\u00fcr drei Stromkreise 16A\/440V, f\u00fcr Decken-, Wand- und H\u00e4ngemontage.Bestehend aus einem stranggepressten Aluminiumprofil und zwei starren stranggepressten Tr\u00e4gerprofilen aus hochfestem Elektroisoliermaterial mit jeweils zwei eingebetteten Kupferleitern mit einem Querschnitt von 3,3 mm\u00b2 f\u00fcr drei unabh\u00e4ngige schaltbare<span class=\"excerpt-hellip\"> [\u2026]<\/span><\/p>\n","protected":false},"featured_media":370045,"template":"","meta":[],"product_brand":[],"product_cat":[84573],"product_tag":[],"class_list":{"0":"post-341077","1":"product","2":"type-product","3":"status-publish","4":"has-post-thumbnail","6":"product_cat-stromschiene","8":"first","9":"instock","10":"taxable","11":"shipping-taxable","12":"product-type-simple"},"_links":{"self":[{"href":"https:\/\/www.arclite-shop.de\/es\/wp-json\/wp\/v2\/product\/341077","targetHints":{"allow":["GET"]}}],"collection":[{"href":"https:\/\/www.arclite-shop.de\/es\/wp-json\/wp\/v2\/product"}],"about":[{"href":"https:\/\/www.arclite-shop.de\/es\/wp-json\/wp\/v2\/types\/product"}],"wp:featuredmedia":[{"embeddable":true,"href":"https:\/\/www.arclite-shop.de\/es\/wp-json\/wp\/v2\/media\/370045"}],"wp:attachment":[{"href":"https:\/\/www.arclite-shop.de\/es\/wp-json\/wp\/v2\/media?parent=341077"}],"wp:term":[{"taxonomy":"product_brand","embeddable":true,"href":"https:\/\/www.arclite-shop.de\/es\/wp-json\/wp\/v2\/product_brand?post=341077"},{"taxonomy":"product_cat","embeddable":true,"href":"https:\/\/www.arclite-shop.de\/es\/wp-json\/wp\/v2\/product_cat?post=341077"},{"taxonomy":"product_tag","embeddable":true,"href":"https:\/\/www.arclite-shop.de\/es\/wp-json\/wp\/v2\/product_tag?post=341077"}],"curies":[{"name":"wp","href":"https:\/\/api.w.org\/{rel}","templated":true}]}}