{"id":341067,"date":"2024-10-31T10:18:41","date_gmt":"2024-10-31T09:18:41","guid":{"rendered":"https:\/\/www.arclite-shop.de\/produkt\/111-575-0-6617-2\/"},"modified":"2026-04-18T18:41:48","modified_gmt":"2026-04-18T16:41:48","slug":"111-575-0-6617-2","status":"publish","type":"product","link":"https:\/\/www.arclite-shop.de\/es\/produkt\/111-575-0-6617-2\/","title":{"rendered":"Gancho EUTRAC para ONETRACK, m\u00e1xima carga de tracci\u00f3n: 50N, negro 575 0 6617 2 "},"content":{"rendered":"<p>EUTRAC ONETRACK Zur befestigung an der Stromschiene. Geh\u00e4use aus PA mit Zinkbeschichteter Haken, schwarz<\/p>\n","protected":false},"excerpt":{"rendered":"<p>EUTRAC ONETRACK Zur befestigung an der Stromschiene. Geh\u00e4use aus PA mit Zinkbeschichteter Haken, schwarz<\/p>\n","protected":false},"featured_media":370049,"template":"","meta":[],"product_brand":[],"product_cat":[84591],"product_tag":[],"class_list":{"0":"post-341067","1":"product","2":"type-product","3":"status-publish","4":"has-post-thumbnail","6":"product_cat-mechanisches-zubehoer-ersatzteile-fuer-leuchten","8":"first","9":"instock","10":"taxable","11":"shipping-taxable","12":"product-type-simple"},"_links":{"self":[{"href":"https:\/\/www.arclite-shop.de\/es\/wp-json\/wp\/v2\/product\/341067","targetHints":{"allow":["GET"]}}],"collection":[{"href":"https:\/\/www.arclite-shop.de\/es\/wp-json\/wp\/v2\/product"}],"about":[{"href":"https:\/\/www.arclite-shop.de\/es\/wp-json\/wp\/v2\/types\/product"}],"wp:featuredmedia":[{"embeddable":true,"href":"https:\/\/www.arclite-shop.de\/es\/wp-json\/wp\/v2\/media\/370049"}],"wp:attachment":[{"href":"https:\/\/www.arclite-shop.de\/es\/wp-json\/wp\/v2\/media?parent=341067"}],"wp:term":[{"taxonomy":"product_brand","embeddable":true,"href":"https:\/\/www.arclite-shop.de\/es\/wp-json\/wp\/v2\/product_brand?post=341067"},{"taxonomy":"product_cat","embeddable":true,"href":"https:\/\/www.arclite-shop.de\/es\/wp-json\/wp\/v2\/product_cat?post=341067"},{"taxonomy":"product_tag","embeddable":true,"href":"https:\/\/www.arclite-shop.de\/es\/wp-json\/wp\/v2\/product_tag?post=341067"}],"curies":[{"name":"wp","href":"https:\/\/api.w.org\/{rel}","templated":true}]}}