{"id":340967,"date":"2024-10-31T10:17:36","date_gmt":"2024-10-31T09:17:36","guid":{"rendered":"https:\/\/www.arclite-shop.de\/produkt\/111-98-697-0\/"},"modified":"2026-04-18T18:50:18","modified_gmt":"2026-04-18T16:50:18","slug":"111-98-697-0","status":"publish","type":"product","link":"https:\/\/www.arclite-shop.de\/es\/produkt\/111-98-697-0\/","title":{"rendered":"Clip de retenci\u00f3n de suspensi\u00f3n EUTRAC - Zinc 98-697-0"},"content":{"rendered":"<p>EUTRAC Halteclip f\u00fcr Abh\u00e4ngung mit Schnellabh\u00e4nger 98-679-0 oder mit Ketten, Material Stahlblech verzinkt<\/p>\n","protected":false},"excerpt":{"rendered":"<p>EUTRAC Halteclip f\u00fcr Abh\u00e4ngung mit Schnellabh\u00e4nger 98-679-0 oder mit Ketten, Material Stahlblech verzinkt<\/p>\n","protected":false},"featured_media":370149,"template":"","meta":[],"product_brand":[],"product_cat":[84591],"product_tag":[],"class_list":{"0":"post-340967","1":"product","2":"type-product","3":"status-publish","4":"has-post-thumbnail","6":"product_cat-mechanisches-zubehoer-ersatzteile-fuer-leuchten","8":"first","9":"instock","10":"taxable","11":"shipping-taxable","12":"product-type-simple"},"_links":{"self":[{"href":"https:\/\/www.arclite-shop.de\/es\/wp-json\/wp\/v2\/product\/340967","targetHints":{"allow":["GET"]}}],"collection":[{"href":"https:\/\/www.arclite-shop.de\/es\/wp-json\/wp\/v2\/product"}],"about":[{"href":"https:\/\/www.arclite-shop.de\/es\/wp-json\/wp\/v2\/types\/product"}],"wp:featuredmedia":[{"embeddable":true,"href":"https:\/\/www.arclite-shop.de\/es\/wp-json\/wp\/v2\/media\/370149"}],"wp:attachment":[{"href":"https:\/\/www.arclite-shop.de\/es\/wp-json\/wp\/v2\/media?parent=340967"}],"wp:term":[{"taxonomy":"product_brand","embeddable":true,"href":"https:\/\/www.arclite-shop.de\/es\/wp-json\/wp\/v2\/product_brand?post=340967"},{"taxonomy":"product_cat","embeddable":true,"href":"https:\/\/www.arclite-shop.de\/es\/wp-json\/wp\/v2\/product_cat?post=340967"},{"taxonomy":"product_tag","embeddable":true,"href":"https:\/\/www.arclite-shop.de\/es\/wp-json\/wp\/v2\/product_tag?post=340967"}],"curies":[{"name":"wp","href":"https:\/\/api.w.org\/{rel}","templated":true}]}}