{"id":340957,"date":"2024-10-31T10:17:29","date_gmt":"2024-10-31T09:17:29","guid":{"rendered":"https:\/\/www.arclite-shop.de\/produkt\/111-99-095-2\/"},"modified":"2026-04-18T18:50:58","modified_gmt":"2026-04-18T16:50:58","slug":"111-99-095-2","status":"publish","type":"product","link":"https:\/\/www.arclite-shop.de\/es\/produkt\/111-99-095-2\/","title":{"rendered":"Adaptador multiadaptador de enchufes EUTRAC para montaje y montaje trif\u00e1sico en ra\u00edl, 50N - negro 99-095-2"},"content":{"rendered":"<p>EUTRAC Multi-Adapter mit Steckdose f\u00fcr 3-Phasen Aufbau und Einbauschiene, 50N &#8211; schwarz<\/p>\n","protected":false},"excerpt":{"rendered":"<p>EUTRAC Multi-Adapter mit Steckdose f\u00fcr 3-Phasen Aufbau und Einbauschiene, 50N &#8211; schwarz<\/p>\n","protected":false},"featured_media":370161,"template":"","meta":[],"product_brand":[],"product_cat":[84574],"product_tag":[],"class_list":{"0":"post-340957","1":"product","2":"type-product","3":"status-publish","4":"has-post-thumbnail","6":"product_cat-elektrisches-zubehoer-ersatzteile-fuer-leuchten","8":"first","9":"instock","10":"taxable","11":"shipping-taxable","12":"product-type-simple"},"_links":{"self":[{"href":"https:\/\/www.arclite-shop.de\/es\/wp-json\/wp\/v2\/product\/340957","targetHints":{"allow":["GET"]}}],"collection":[{"href":"https:\/\/www.arclite-shop.de\/es\/wp-json\/wp\/v2\/product"}],"about":[{"href":"https:\/\/www.arclite-shop.de\/es\/wp-json\/wp\/v2\/types\/product"}],"wp:featuredmedia":[{"embeddable":true,"href":"https:\/\/www.arclite-shop.de\/es\/wp-json\/wp\/v2\/media\/370161"}],"wp:attachment":[{"href":"https:\/\/www.arclite-shop.de\/es\/wp-json\/wp\/v2\/media?parent=340957"}],"wp:term":[{"taxonomy":"product_brand","embeddable":true,"href":"https:\/\/www.arclite-shop.de\/es\/wp-json\/wp\/v2\/product_brand?post=340957"},{"taxonomy":"product_cat","embeddable":true,"href":"https:\/\/www.arclite-shop.de\/es\/wp-json\/wp\/v2\/product_cat?post=340957"},{"taxonomy":"product_tag","embeddable":true,"href":"https:\/\/www.arclite-shop.de\/es\/wp-json\/wp\/v2\/product_tag?post=340957"}],"curies":[{"name":"wp","href":"https:\/\/api.w.org\/{rel}","templated":true}]}}