{"id":340901,"date":"2024-10-31T10:16:54","date_gmt":"2024-10-31T09:16:54","guid":{"rendered":"https:\/\/www.arclite-shop.de\/produkt\/111-555-2-1210-3\/"},"modified":"2026-04-18T18:54:33","modified_gmt":"2026-04-18T16:54:33","slug":"111-555-2-1210-3","status":"publish","type":"product","link":"https:\/\/www.arclite-shop.de\/es\/produkt\/111-555-2-1210-3\/","title":{"rendered":"Conector EUTRAC Databus L para ra\u00edl trif\u00e1sico montado en superficie, conductor protector interior, con opci\u00f3n de fuente de alimentaci\u00f3n - plata 555 2 1210 3"},"content":{"rendered":"<p>EUTRAC Datenbus L-Verbinder f\u00fcr 3-Phasen Aufbauschiene, Schutzleiter innen, mit Einspeisem\u00f6glichkeit silber <\/p>\n","protected":false},"excerpt":{"rendered":"<p>EUTRAC Datenbus L-Verbinder f\u00fcr 3-Phasen Aufbauschiene, Schutzleiter innen, mit Einspeisem\u00f6glichkeit silber<\/p>\n","protected":false},"featured_media":370183,"template":"","meta":[],"product_brand":[],"product_cat":[84574],"product_tag":[],"class_list":{"0":"post-340901","1":"product","2":"type-product","3":"status-publish","4":"has-post-thumbnail","6":"product_cat-elektrisches-zubehoer-ersatzteile-fuer-leuchten","8":"first","9":"instock","10":"taxable","11":"shipping-taxable","12":"product-type-simple"},"_links":{"self":[{"href":"https:\/\/www.arclite-shop.de\/es\/wp-json\/wp\/v2\/product\/340901","targetHints":{"allow":["GET"]}}],"collection":[{"href":"https:\/\/www.arclite-shop.de\/es\/wp-json\/wp\/v2\/product"}],"about":[{"href":"https:\/\/www.arclite-shop.de\/es\/wp-json\/wp\/v2\/types\/product"}],"wp:featuredmedia":[{"embeddable":true,"href":"https:\/\/www.arclite-shop.de\/es\/wp-json\/wp\/v2\/media\/370183"}],"wp:attachment":[{"href":"https:\/\/www.arclite-shop.de\/es\/wp-json\/wp\/v2\/media?parent=340901"}],"wp:term":[{"taxonomy":"product_brand","embeddable":true,"href":"https:\/\/www.arclite-shop.de\/es\/wp-json\/wp\/v2\/product_brand?post=340901"},{"taxonomy":"product_cat","embeddable":true,"href":"https:\/\/www.arclite-shop.de\/es\/wp-json\/wp\/v2\/product_cat?post=340901"},{"taxonomy":"product_tag","embeddable":true,"href":"https:\/\/www.arclite-shop.de\/es\/wp-json\/wp\/v2\/product_tag?post=340901"}],"curies":[{"name":"wp","href":"https:\/\/api.w.org\/{rel}","templated":true}]}}