{"id":340899,"date":"2024-10-31T10:16:53","date_gmt":"2024-10-31T09:16:53","guid":{"rendered":"https:\/\/www.arclite-shop.de\/produkt\/111-555-2-1210-6\/"},"modified":"2026-04-18T18:54:37","modified_gmt":"2026-04-18T16:54:37","slug":"111-555-2-1210-6","status":"publish","type":"product","link":"https:\/\/www.arclite-shop.de\/es\/produkt\/111-555-2-1210-6\/","title":{"rendered":"Conector L EUTRAC Databus para ra\u00edl de montaje superficial trif\u00e1sico, conductor protector interior, con opci\u00f3n de entrada - blanco 555 2 1210 6"},"content":{"rendered":"<p>EUTRAC Datenbus L-Verbinder f\u00fcr 3-Phasen Aufbauschiene, Schutzleiter innen, mit Einspeisem\u00f6glichkeit weiss<\/p>\n","protected":false},"excerpt":{"rendered":"<p>EUTRAC Datenbus L-Verbinder f\u00fcr 3-Phasen Aufbauschiene, Schutzleiter innen, mit Einspeisem\u00f6glichkeit weiss<\/p>\n","protected":false},"featured_media":370103,"template":"","meta":[],"product_brand":[],"product_cat":[84574],"product_tag":[],"class_list":{"0":"post-340899","1":"product","2":"type-product","3":"status-publish","4":"has-post-thumbnail","6":"product_cat-elektrisches-zubehoer-ersatzteile-fuer-leuchten","8":"first","9":"instock","10":"taxable","11":"shipping-taxable","12":"product-type-simple"},"_links":{"self":[{"href":"https:\/\/www.arclite-shop.de\/es\/wp-json\/wp\/v2\/product\/340899","targetHints":{"allow":["GET"]}}],"collection":[{"href":"https:\/\/www.arclite-shop.de\/es\/wp-json\/wp\/v2\/product"}],"about":[{"href":"https:\/\/www.arclite-shop.de\/es\/wp-json\/wp\/v2\/types\/product"}],"wp:featuredmedia":[{"embeddable":true,"href":"https:\/\/www.arclite-shop.de\/es\/wp-json\/wp\/v2\/media\/370103"}],"wp:attachment":[{"href":"https:\/\/www.arclite-shop.de\/es\/wp-json\/wp\/v2\/media?parent=340899"}],"wp:term":[{"taxonomy":"product_brand","embeddable":true,"href":"https:\/\/www.arclite-shop.de\/es\/wp-json\/wp\/v2\/product_brand?post=340899"},{"taxonomy":"product_cat","embeddable":true,"href":"https:\/\/www.arclite-shop.de\/es\/wp-json\/wp\/v2\/product_cat?post=340899"},{"taxonomy":"product_tag","embeddable":true,"href":"https:\/\/www.arclite-shop.de\/es\/wp-json\/wp\/v2\/product_tag?post=340899"}],"curies":[{"name":"wp","href":"https:\/\/api.w.org\/{rel}","templated":true}]}}