{"id":340886,"date":"2024-10-31T10:16:45","date_gmt":"2024-10-31T09:16:45","guid":{"rendered":"https:\/\/www.arclite-shop.de\/produkt\/111-555-2-5203-3\/"},"modified":"2026-04-18T18:55:23","modified_gmt":"2026-04-18T16:55:23","slug":"111-555-2-5203-3","status":"publish","type":"product","link":"https:\/\/www.arclite-shop.de\/es\/produkt\/111-555-2-5203-3\/","title":{"rendered":"Centro de bus de datos EUTRAC para ra\u00edles de montaje en superficie trif\u00e1sicos y ra\u00edl de montaje + bus de datos - plata 555 2 5203 3"},"content":{"rendered":"<p>EUTRAC Datenbus Mitteleinspeiser f\u00fcr 3-Phasen Aufbauschiene und Einbauschiene + Datenbus silber <\/p>\n","protected":false},"excerpt":{"rendered":"<p>EUTRAC Datenbus Mitteleinspeiser f\u00fcr 3-Phasen Aufbauschiene und Einbauschiene + Datenbus silber<\/p>\n","protected":false},"featured_media":370189,"template":"","meta":[],"product_brand":[],"product_cat":[84574],"product_tag":[],"class_list":{"0":"post-340886","1":"product","2":"type-product","3":"status-publish","4":"has-post-thumbnail","6":"product_cat-elektrisches-zubehoer-ersatzteile-fuer-leuchten","8":"first","9":"instock","10":"taxable","11":"shipping-taxable","12":"product-type-simple"},"_links":{"self":[{"href":"https:\/\/www.arclite-shop.de\/es\/wp-json\/wp\/v2\/product\/340886","targetHints":{"allow":["GET"]}}],"collection":[{"href":"https:\/\/www.arclite-shop.de\/es\/wp-json\/wp\/v2\/product"}],"about":[{"href":"https:\/\/www.arclite-shop.de\/es\/wp-json\/wp\/v2\/types\/product"}],"wp:featuredmedia":[{"embeddable":true,"href":"https:\/\/www.arclite-shop.de\/es\/wp-json\/wp\/v2\/media\/370189"}],"wp:attachment":[{"href":"https:\/\/www.arclite-shop.de\/es\/wp-json\/wp\/v2\/media?parent=340886"}],"wp:term":[{"taxonomy":"product_brand","embeddable":true,"href":"https:\/\/www.arclite-shop.de\/es\/wp-json\/wp\/v2\/product_brand?post=340886"},{"taxonomy":"product_cat","embeddable":true,"href":"https:\/\/www.arclite-shop.de\/es\/wp-json\/wp\/v2\/product_cat?post=340886"},{"taxonomy":"product_tag","embeddable":true,"href":"https:\/\/www.arclite-shop.de\/es\/wp-json\/wp\/v2\/product_tag?post=340886"}],"curies":[{"name":"wp","href":"https:\/\/api.w.org\/{rel}","templated":true}]}}