{"id":340857,"date":"2024-10-31T10:16:25","date_gmt":"2024-10-31T09:16:25","guid":{"rendered":"https:\/\/www.arclite-shop.de\/produkt\/111-555-1-1211-6\/"},"modified":"2026-04-21T15:10:41","modified_gmt":"2026-04-21T13:10:41","slug":"111-555-1-1211-6","status":"publish","type":"product","link":"https:\/\/www.arclite-shop.de\/es\/produkt\/111-555-1-1211-6\/","title":{"rendered":"Conector EUTRAC Flex para ra\u00edl trif\u00e1sico montado en superficie, conector el\u00e9ctrico flexible en la esquina, 30\u00b0-330\u00b0 - blanco 555 1 1211 6"},"content":{"rendered":"<p>EUTRAC Standard Flexverbinder f\u00fcr 3-Phasen Aufbauschiene, flexibler elektrischer Eckverbinder, 30\u00b0-330\u00b0 weiss<\/p>\n","protected":false},"excerpt":{"rendered":"<p>EUTRAC Standard Flexverbinder f\u00fcr 3-Phasen Aufbauschiene, flexibler elektrischer Eckverbinder, 30\u00b0-330\u00b0 weiss<\/p>\n","protected":false},"featured_media":370109,"template":"","meta":[],"product_brand":[],"product_cat":[84574],"product_tag":[],"class_list":{"0":"post-340857","1":"product","2":"type-product","3":"status-publish","4":"has-post-thumbnail","6":"product_cat-elektrisches-zubehoer-ersatzteile-fuer-leuchten","8":"first","9":"instock","10":"taxable","11":"shipping-taxable","12":"product-type-simple"},"_links":{"self":[{"href":"https:\/\/www.arclite-shop.de\/es\/wp-json\/wp\/v2\/product\/340857","targetHints":{"allow":["GET"]}}],"collection":[{"href":"https:\/\/www.arclite-shop.de\/es\/wp-json\/wp\/v2\/product"}],"about":[{"href":"https:\/\/www.arclite-shop.de\/es\/wp-json\/wp\/v2\/types\/product"}],"wp:featuredmedia":[{"embeddable":true,"href":"https:\/\/www.arclite-shop.de\/es\/wp-json\/wp\/v2\/media\/370109"}],"wp:attachment":[{"href":"https:\/\/www.arclite-shop.de\/es\/wp-json\/wp\/v2\/media?parent=340857"}],"wp:term":[{"taxonomy":"product_brand","embeddable":true,"href":"https:\/\/www.arclite-shop.de\/es\/wp-json\/wp\/v2\/product_brand?post=340857"},{"taxonomy":"product_cat","embeddable":true,"href":"https:\/\/www.arclite-shop.de\/es\/wp-json\/wp\/v2\/product_cat?post=340857"},{"taxonomy":"product_tag","embeddable":true,"href":"https:\/\/www.arclite-shop.de\/es\/wp-json\/wp\/v2\/product_tag?post=340857"}],"curies":[{"name":"wp","href":"https:\/\/api.w.org\/{rel}","templated":true}]}}