{"id":340853,"date":"2024-10-31T10:16:21","date_gmt":"2024-10-31T09:16:21","guid":{"rendered":"https:\/\/www.arclite-shop.de\/produkt\/111-555-1-1216-6\/"},"modified":"2026-04-18T18:57:43","modified_gmt":"2026-04-18T16:57:43","slug":"111-555-1-1216-6","status":"publish","type":"product","link":"https:\/\/www.arclite-shop.de\/es\/produkt\/111-555-1-1216-6\/","title":{"rendered":"Conector EUTRAC X para ra\u00edl de montaje en superficie trif\u00e1sico, con opci\u00f3n de alimentaci\u00f3n - blanco 555 1 1216 6"},"content":{"rendered":"<p>EUTRAC Standard X-Verbinder f\u00fcr 3-Phasen Aufbauschiene, mit Einspeisem\u00f6glichkeit weiss<\/p>\n","protected":false},"excerpt":{"rendered":"<p>EUTRAC Standard X-Verbinder f\u00fcr 3-Phasen Aufbauschiene, mit Einspeisem\u00f6glichkeit weiss<\/p>\n","protected":false},"featured_media":370097,"template":"","meta":[],"product_brand":[],"product_cat":[84574],"product_tag":[],"class_list":{"0":"post-340853","1":"product","2":"type-product","3":"status-publish","4":"has-post-thumbnail","6":"product_cat-elektrisches-zubehoer-ersatzteile-fuer-leuchten","8":"first","9":"outofstock","10":"taxable","11":"shipping-taxable","12":"product-type-simple"},"_links":{"self":[{"href":"https:\/\/www.arclite-shop.de\/es\/wp-json\/wp\/v2\/product\/340853","targetHints":{"allow":["GET"]}}],"collection":[{"href":"https:\/\/www.arclite-shop.de\/es\/wp-json\/wp\/v2\/product"}],"about":[{"href":"https:\/\/www.arclite-shop.de\/es\/wp-json\/wp\/v2\/types\/product"}],"wp:featuredmedia":[{"embeddable":true,"href":"https:\/\/www.arclite-shop.de\/es\/wp-json\/wp\/v2\/media\/370097"}],"wp:attachment":[{"href":"https:\/\/www.arclite-shop.de\/es\/wp-json\/wp\/v2\/media?parent=340853"}],"wp:term":[{"taxonomy":"product_brand","embeddable":true,"href":"https:\/\/www.arclite-shop.de\/es\/wp-json\/wp\/v2\/product_brand?post=340853"},{"taxonomy":"product_cat","embeddable":true,"href":"https:\/\/www.arclite-shop.de\/es\/wp-json\/wp\/v2\/product_cat?post=340853"},{"taxonomy":"product_tag","embeddable":true,"href":"https:\/\/www.arclite-shop.de\/es\/wp-json\/wp\/v2\/product_tag?post=340853"}],"curies":[{"name":"wp","href":"https:\/\/api.w.org\/{rel}","templated":true}]}}