{"id":340852,"date":"2024-10-31T10:16:21","date_gmt":"2024-10-31T09:16:21","guid":{"rendered":"https:\/\/www.arclite-shop.de\/produkt\/111-555-1-1215-8\/"},"modified":"2026-04-18T18:57:40","modified_gmt":"2026-04-18T16:57:40","slug":"111-555-1-1215-8","status":"publish","type":"product","link":"https:\/\/www.arclite-shop.de\/es\/produkt\/111-555-1-1215-8\/","title":{"rendered":"Conector EUTRAC en T para ra\u00edl trif\u00e1sico montado en superficie, conductor protector exterior, izquierda, con opci\u00f3n de fuente de alimentaci\u00f3n - gris 555 1 1215 8"},"content":{"rendered":"<p>EUTRAC Standard T-Verbinder f\u00fcr 3-Phasen Aufbauschiene, Schutzleiter aussen, links mit Einspeisem\u00f6glichkeit &#8211; grau<\/p>\n","protected":false},"excerpt":{"rendered":"<p>EUTRAC Standard T-Verbinder f\u00fcr 3-Phasen Aufbauschiene, Schutzleiter aussen, links mit Einspeisem\u00f6glichkeit &#8211; grau<\/p>\n","protected":false},"featured_media":370105,"template":"","meta":[],"product_brand":[],"product_cat":[84574],"product_tag":[],"class_list":{"0":"post-340852","1":"product","2":"type-product","3":"status-publish","4":"has-post-thumbnail","6":"product_cat-elektrisches-zubehoer-ersatzteile-fuer-leuchten","8":"first","9":"instock","10":"taxable","11":"shipping-taxable","12":"product-type-simple"},"_links":{"self":[{"href":"https:\/\/www.arclite-shop.de\/es\/wp-json\/wp\/v2\/product\/340852","targetHints":{"allow":["GET"]}}],"collection":[{"href":"https:\/\/www.arclite-shop.de\/es\/wp-json\/wp\/v2\/product"}],"about":[{"href":"https:\/\/www.arclite-shop.de\/es\/wp-json\/wp\/v2\/types\/product"}],"wp:featuredmedia":[{"embeddable":true,"href":"https:\/\/www.arclite-shop.de\/es\/wp-json\/wp\/v2\/media\/370105"}],"wp:attachment":[{"href":"https:\/\/www.arclite-shop.de\/es\/wp-json\/wp\/v2\/media?parent=340852"}],"wp:term":[{"taxonomy":"product_brand","embeddable":true,"href":"https:\/\/www.arclite-shop.de\/es\/wp-json\/wp\/v2\/product_brand?post=340852"},{"taxonomy":"product_cat","embeddable":true,"href":"https:\/\/www.arclite-shop.de\/es\/wp-json\/wp\/v2\/product_cat?post=340852"},{"taxonomy":"product_tag","embeddable":true,"href":"https:\/\/www.arclite-shop.de\/es\/wp-json\/wp\/v2\/product_tag?post=340852"}],"curies":[{"name":"wp","href":"https:\/\/api.w.org\/{rel}","templated":true}]}}