{"id":340842,"date":"2024-10-31T10:16:15","date_gmt":"2024-10-31T09:16:15","guid":{"rendered":"https:\/\/www.arclite-shop.de\/produkt\/111-555-1-1213-2\/"},"modified":"2026-04-23T18:10:46","modified_gmt":"2026-04-23T16:10:46","slug":"111-555-1-1213-2","status":"publish","type":"product","link":"https:\/\/www.arclite-shop.de\/es\/produkt\/111-555-1-1213-2\/","title":{"rendered":"Conector en T EUTRAC para ra\u00edl montado en 3 fases, conductor protector interior, izquierda, con opci\u00f3n de alimentaci\u00f3n - negro 555 1 1213 2"},"content":{"rendered":"<p>EUTRAC Standard T-Verbinder f\u00fcr 3-Phasen Aufbauschiene, Schutzleiter innen, links mit Einspeisem\u00f6glichkeit &#8211; schwarz <\/p>\n","protected":false},"excerpt":{"rendered":"<p>EUTRAC Standard T-Verbinder f\u00fcr 3-Phasen Aufbauschiene, Schutzleiter innen, links mit Einspeisem\u00f6glichkeit &#8211; schwarz<\/p>\n","protected":false},"featured_media":370107,"template":"","meta":[],"product_brand":[],"product_cat":[84574],"product_tag":[],"class_list":{"0":"post-340842","1":"product","2":"type-product","3":"status-publish","4":"has-post-thumbnail","6":"product_cat-elektrisches-zubehoer-ersatzteile-fuer-leuchten","8":"first","9":"instock","10":"taxable","11":"shipping-taxable","12":"product-type-simple"},"_links":{"self":[{"href":"https:\/\/www.arclite-shop.de\/es\/wp-json\/wp\/v2\/product\/340842","targetHints":{"allow":["GET"]}}],"collection":[{"href":"https:\/\/www.arclite-shop.de\/es\/wp-json\/wp\/v2\/product"}],"about":[{"href":"https:\/\/www.arclite-shop.de\/es\/wp-json\/wp\/v2\/types\/product"}],"wp:featuredmedia":[{"embeddable":true,"href":"https:\/\/www.arclite-shop.de\/es\/wp-json\/wp\/v2\/media\/370107"}],"wp:attachment":[{"href":"https:\/\/www.arclite-shop.de\/es\/wp-json\/wp\/v2\/media?parent=340842"}],"wp:term":[{"taxonomy":"product_brand","embeddable":true,"href":"https:\/\/www.arclite-shop.de\/es\/wp-json\/wp\/v2\/product_brand?post=340842"},{"taxonomy":"product_cat","embeddable":true,"href":"https:\/\/www.arclite-shop.de\/es\/wp-json\/wp\/v2\/product_cat?post=340842"},{"taxonomy":"product_tag","embeddable":true,"href":"https:\/\/www.arclite-shop.de\/es\/wp-json\/wp\/v2\/product_tag?post=340842"}],"curies":[{"name":"wp","href":"https:\/\/api.w.org\/{rel}","templated":true}]}}