{"id":340834,"date":"2024-10-31T10:16:09","date_gmt":"2024-10-31T09:16:09","guid":{"rendered":"https:\/\/www.arclite-shop.de\/produkt\/111-555-1-1210-2\/"},"modified":"2026-04-18T18:58:56","modified_gmt":"2026-04-18T16:58:56","slug":"111-555-1-1210-2","status":"publish","type":"product","link":"https:\/\/www.arclite-shop.de\/es\/produkt\/111-555-1-1210-2\/","title":{"rendered":"Conector en L EUTRAC para ra\u00edl 3 f\u00e1sicos montado en superficie, conductor protector interior, con opci\u00f3n de alimentaci\u00f3n - negro 555 1 1210 2"},"content":{"rendered":"<p>EUTRAC Standard L-Verbinder f\u00fcr 3-Phasen Aufbauschiene, Schutzleiter innen, mit Einspeisem\u00f6glichkeit schwarz <\/p>\n","protected":false},"excerpt":{"rendered":"<p>EUTRAC Standard L-Verbinder f\u00fcr 3-Phasen Aufbauschiene, Schutzleiter innen, mit Einspeisem\u00f6glichkeit schwarz<\/p>\n","protected":false},"featured_media":370117,"template":"","meta":[],"product_brand":[],"product_cat":[84574],"product_tag":[],"class_list":{"0":"post-340834","1":"product","2":"type-product","3":"status-publish","4":"has-post-thumbnail","6":"product_cat-elektrisches-zubehoer-ersatzteile-fuer-leuchten","8":"first","9":"outofstock","10":"taxable","11":"shipping-taxable","12":"product-type-simple"},"_links":{"self":[{"href":"https:\/\/www.arclite-shop.de\/es\/wp-json\/wp\/v2\/product\/340834","targetHints":{"allow":["GET"]}}],"collection":[{"href":"https:\/\/www.arclite-shop.de\/es\/wp-json\/wp\/v2\/product"}],"about":[{"href":"https:\/\/www.arclite-shop.de\/es\/wp-json\/wp\/v2\/types\/product"}],"wp:featuredmedia":[{"embeddable":true,"href":"https:\/\/www.arclite-shop.de\/es\/wp-json\/wp\/v2\/media\/370117"}],"wp:attachment":[{"href":"https:\/\/www.arclite-shop.de\/es\/wp-json\/wp\/v2\/media?parent=340834"}],"wp:term":[{"taxonomy":"product_brand","embeddable":true,"href":"https:\/\/www.arclite-shop.de\/es\/wp-json\/wp\/v2\/product_brand?post=340834"},{"taxonomy":"product_cat","embeddable":true,"href":"https:\/\/www.arclite-shop.de\/es\/wp-json\/wp\/v2\/product_cat?post=340834"},{"taxonomy":"product_tag","embeddable":true,"href":"https:\/\/www.arclite-shop.de\/es\/wp-json\/wp\/v2\/product_tag?post=340834"}],"curies":[{"name":"wp","href":"https:\/\/api.w.org\/{rel}","templated":true}]}}