{"id":340821,"date":"2024-10-31T10:16:01","date_gmt":"2024-10-31T09:16:01","guid":{"rendered":"https:\/\/www.arclite-shop.de\/produkt\/111-555-1-1206-2\/"},"modified":"2026-04-29T15:10:35","modified_gmt":"2026-04-29T13:10:35","slug":"111-555-1-1206-2","status":"publish","type":"product","link":"https:\/\/www.arclite-shop.de\/es\/produkt\/111-555-1-1206-2\/","title":{"rendered":"Conector EUTRAC para ra\u00edles de montaje superficial trif\u00e1sico, conector longitudinal el\u00e9ctrico - negro 555 1 1206 2"},"content":{"rendered":"<p>EUTRAC Standard Verbinder f\u00fcr 3-Phasen Aufbauschiene, elektrischer L\u00e4ngsverbinder &#8211; schwarz <\/p>\n","protected":false},"excerpt":{"rendered":"<p>EUTRAC Standard Verbinder f\u00fcr 3-Phasen Aufbauschiene, elektrischer L\u00e4ngsverbinder &#8211; schwarz<\/p>\n","protected":false},"featured_media":370203,"template":"","meta":[],"product_brand":[],"product_cat":[84574],"product_tag":[],"class_list":{"0":"post-340821","1":"product","2":"type-product","3":"status-publish","4":"has-post-thumbnail","6":"product_cat-elektrisches-zubehoer-ersatzteile-fuer-leuchten","8":"first","9":"instock","10":"taxable","11":"shipping-taxable","12":"product-type-simple"},"_links":{"self":[{"href":"https:\/\/www.arclite-shop.de\/es\/wp-json\/wp\/v2\/product\/340821","targetHints":{"allow":["GET"]}}],"collection":[{"href":"https:\/\/www.arclite-shop.de\/es\/wp-json\/wp\/v2\/product"}],"about":[{"href":"https:\/\/www.arclite-shop.de\/es\/wp-json\/wp\/v2\/types\/product"}],"wp:featuredmedia":[{"embeddable":true,"href":"https:\/\/www.arclite-shop.de\/es\/wp-json\/wp\/v2\/media\/370203"}],"wp:attachment":[{"href":"https:\/\/www.arclite-shop.de\/es\/wp-json\/wp\/v2\/media?parent=340821"}],"wp:term":[{"taxonomy":"product_brand","embeddable":true,"href":"https:\/\/www.arclite-shop.de\/es\/wp-json\/wp\/v2\/product_brand?post=340821"},{"taxonomy":"product_cat","embeddable":true,"href":"https:\/\/www.arclite-shop.de\/es\/wp-json\/wp\/v2\/product_cat?post=340821"},{"taxonomy":"product_tag","embeddable":true,"href":"https:\/\/www.arclite-shop.de\/es\/wp-json\/wp\/v2\/product_tag?post=340821"}],"curies":[{"name":"wp","href":"https:\/\/api.w.org\/{rel}","templated":true}]}}