{"id":340802,"date":"2024-10-31T10:15:49","date_gmt":"2024-10-31T09:15:49","guid":{"rendered":"https:\/\/www.arclite-shop.de\/produkt\/111-25-206\/"},"modified":"2026-04-21T15:10:57","modified_gmt":"2026-04-21T13:10:57","slug":"111-25-206","status":"publish","type":"product","link":"https:\/\/www.arclite-shop.de\/es\/produkt\/111-25-206\/","title":{"rendered":"Carril montado en 3 fases de v\u00eda EUTRAC 2000mm - blanco 25-206"},"content":{"rendered":"<p>EUTRAC 5-Leiter Aufbauschiene 2000mm weiss f\u00fcr 3 Stromkreise, stranggepresstes Aluminiumprofil, 2 PVC-Tr\u00e4gerprofile mit je zwei 2, 5mm\u00b2 Kupferleitern, 3 Stromkreise, Schutzleiter \u00fcber das Aluminiumprofil, bauseitige L\u00e4ngenanpassung durch S\u00e4gen, R\u00fcckschneiden oder Biegen der Kupferleiter nicht notwendig, vorgestanzte Befestigungslangl\u00f6cher, f\u00fcr den Gebrauch im Handbereich zugelassen, EUTRAC Adaptor mit Datenbusabgriff \u00fcber Phasenabgriff in Schiene ohne Datenbus einsetzbar, Datenbus-Funktionalit\u00e4t ist dann nicht verf\u00fcgbar.<\/p>\n","protected":false},"excerpt":{"rendered":"<p>EUTRAC 5-Leiter Aufbauschiene 2000mm weiss f\u00fcr 3 Stromkreise, stranggepresstes Aluminiumprofil, 2 PVC-Tr\u00e4gerprofile mit je zwei 2, 5mm\u00b2 Kupferleitern, 3 Stromkreise, Schutzleiter \u00fcber das Aluminiumprofil, bauseitige L\u00e4ngenanpassung durch S\u00e4gen, R\u00fcckschneiden oder Biegen der Kupferleiter nicht notwendig, vorgestanzte Befestigungslangl\u00f6cher, f\u00fcr den Gebrauch<span class=\"excerpt-hellip\"> [\u2026]<\/span><\/p>\n","protected":false},"featured_media":370211,"template":"","meta":[],"product_brand":[],"product_cat":[84573],"product_tag":[],"class_list":{"0":"post-340802","1":"product","2":"type-product","3":"status-publish","4":"has-post-thumbnail","6":"product_cat-stromschiene","8":"first","9":"instock","10":"taxable","11":"shipping-taxable","12":"product-type-simple"},"_links":{"self":[{"href":"https:\/\/www.arclite-shop.de\/es\/wp-json\/wp\/v2\/product\/340802","targetHints":{"allow":["GET"]}}],"collection":[{"href":"https:\/\/www.arclite-shop.de\/es\/wp-json\/wp\/v2\/product"}],"about":[{"href":"https:\/\/www.arclite-shop.de\/es\/wp-json\/wp\/v2\/types\/product"}],"wp:featuredmedia":[{"embeddable":true,"href":"https:\/\/www.arclite-shop.de\/es\/wp-json\/wp\/v2\/media\/370211"}],"wp:attachment":[{"href":"https:\/\/www.arclite-shop.de\/es\/wp-json\/wp\/v2\/media?parent=340802"}],"wp:term":[{"taxonomy":"product_brand","embeddable":true,"href":"https:\/\/www.arclite-shop.de\/es\/wp-json\/wp\/v2\/product_brand?post=340802"},{"taxonomy":"product_cat","embeddable":true,"href":"https:\/\/www.arclite-shop.de\/es\/wp-json\/wp\/v2\/product_cat?post=340802"},{"taxonomy":"product_tag","embeddable":true,"href":"https:\/\/www.arclite-shop.de\/es\/wp-json\/wp\/v2\/product_tag?post=340802"}],"curies":[{"name":"wp","href":"https:\/\/api.w.org\/{rel}","templated":true}]}}