{"id":340792,"date":"2024-10-31T10:15:42","date_gmt":"2024-10-31T09:15:42","guid":{"rendered":"https:\/\/www.arclite-shop.de\/produkt\/102-05-587-3156-1\/"},"modified":"2026-04-18T19:01:56","modified_gmt":"2026-04-18T17:01:56","slug":"102-05-587-3156-1","status":"publish","type":"product","link":"https:\/\/www.arclite-shop.de\/es\/produkt\/102-05-587-3156-1\/","title":{"rendered":"WIELAND GST 18i3 Pestillo en conexi\u00f3n de l\u00ednea libre para enchufes o piezas de enchufe - negro 05.587.3156.1"},"content":{"rendered":"<p>GST 18i3 Verriegelung f\u00fcr 3-\/4-\/5-Polig, f\u00fcr Buchsen- oder Steckerteile, auf freie Leitungsverbindungen aufrastbar, schwarz, gem\u00e4ss VDE 0628.<\/p>\n","protected":false},"excerpt":{"rendered":"<p>GST 18i3 Verriegelung f\u00fcr 3-\/4-\/5-Polig, f\u00fcr Buchsen- oder Steckerteile, auf freie Leitungsverbindungen aufrastbar, schwarz, gem\u00e4ss VDE 0628.<\/p>\n","protected":false},"featured_media":370223,"template":"","meta":[],"product_brand":[],"product_cat":[84572],"product_tag":[],"class_list":{"0":"post-340792","1":"product","2":"type-product","3":"status-publish","4":"has-post-thumbnail","6":"product_cat-zubehoer-ersatzteile-fuer-steckbare-gebaeudeinstallation","8":"first","9":"instock","10":"taxable","11":"shipping-taxable","12":"product-type-simple"},"_links":{"self":[{"href":"https:\/\/www.arclite-shop.de\/es\/wp-json\/wp\/v2\/product\/340792","targetHints":{"allow":["GET"]}}],"collection":[{"href":"https:\/\/www.arclite-shop.de\/es\/wp-json\/wp\/v2\/product"}],"about":[{"href":"https:\/\/www.arclite-shop.de\/es\/wp-json\/wp\/v2\/types\/product"}],"wp:featuredmedia":[{"embeddable":true,"href":"https:\/\/www.arclite-shop.de\/es\/wp-json\/wp\/v2\/media\/370223"}],"wp:attachment":[{"href":"https:\/\/www.arclite-shop.de\/es\/wp-json\/wp\/v2\/media?parent=340792"}],"wp:term":[{"taxonomy":"product_brand","embeddable":true,"href":"https:\/\/www.arclite-shop.de\/es\/wp-json\/wp\/v2\/product_brand?post=340792"},{"taxonomy":"product_cat","embeddable":true,"href":"https:\/\/www.arclite-shop.de\/es\/wp-json\/wp\/v2\/product_cat?post=340792"},{"taxonomy":"product_tag","embeddable":true,"href":"https:\/\/www.arclite-shop.de\/es\/wp-json\/wp\/v2\/product_tag?post=340792"}],"curies":[{"name":"wp","href":"https:\/\/api.w.org\/{rel}","templated":true}]}}