{"id":340739,"date":"2024-10-31T10:15:07","date_gmt":"2024-10-31T09:15:07","guid":{"rendered":"https:\/\/www.arclite-shop.de\/produkt\/102-92-232-2000-1\/"},"modified":"2026-04-18T19:06:49","modified_gmt":"2026-04-18T17:06:49","slug":"102-92-232-2000-1","status":"publish","type":"product","link":"https:\/\/www.arclite-shop.de\/es\/produkt\/102-92-232-2000-1\/","title":{"rendered":"Cable de conexi\u00f3n WIELAND GST18i3 de 3 polos, 1 toma, 1 enchufe, 1,5mm\u00b2, 250V, 16A - 2000mm - negro 92.232.2000.1"},"content":{"rendered":"<p>GST18i3 Verl\u00e4ngerungsleitung, Buchse &#8211; Stecker, Verriegelung m\u00f6glich, L\u00e4nge 2, 0 m, 3-polig, Kodierung Netz 250 V, 16 A, Farbe Kodierung schwarz, Farbe Zugentlastung schwarz, Farbe Leitung schwarz, Leitungsquerschnitt 1, 5 mm\u00b2, Kabeltyp H05VV-F, Brandklasse: Eca.<\/p>\n","protected":false},"excerpt":{"rendered":"<p>GST18i3 Verl\u00e4ngerungsleitung, Buchse &#8211; Stecker, Verriegelung m\u00f6glich, L\u00e4nge 2, 0 m, 3-polig, Kodierung Netz 250 V, 16 A, Farbe Kodierung schwarz, Farbe Zugentlastung schwarz, Farbe Leitung schwarz, Leitungsquerschnitt 1, 5 mm\u00b2, Kabeltyp H05VV-F, Brandklasse: Eca.<\/p>\n","protected":false},"featured_media":370257,"template":"","meta":[],"product_brand":[],"product_cat":[84566],"product_tag":[],"class_list":{"0":"post-340739","1":"product","2":"type-product","3":"status-publish","4":"has-post-thumbnail","6":"product_cat-konfektionierte-leitung-fuer-steckbare-gebaeudeinstallation","8":"first","9":"outofstock","10":"taxable","11":"shipping-taxable","12":"product-type-simple"},"_links":{"self":[{"href":"https:\/\/www.arclite-shop.de\/es\/wp-json\/wp\/v2\/product\/340739","targetHints":{"allow":["GET"]}}],"collection":[{"href":"https:\/\/www.arclite-shop.de\/es\/wp-json\/wp\/v2\/product"}],"about":[{"href":"https:\/\/www.arclite-shop.de\/es\/wp-json\/wp\/v2\/types\/product"}],"wp:featuredmedia":[{"embeddable":true,"href":"https:\/\/www.arclite-shop.de\/es\/wp-json\/wp\/v2\/media\/370257"}],"wp:attachment":[{"href":"https:\/\/www.arclite-shop.de\/es\/wp-json\/wp\/v2\/media?parent=340739"}],"wp:term":[{"taxonomy":"product_brand","embeddable":true,"href":"https:\/\/www.arclite-shop.de\/es\/wp-json\/wp\/v2\/product_brand?post=340739"},{"taxonomy":"product_cat","embeddable":true,"href":"https:\/\/www.arclite-shop.de\/es\/wp-json\/wp\/v2\/product_cat?post=340739"},{"taxonomy":"product_tag","embeddable":true,"href":"https:\/\/www.arclite-shop.de\/es\/wp-json\/wp\/v2\/product_tag?post=340739"}],"curies":[{"name":"wp","href":"https:\/\/api.w.org\/{rel}","templated":true}]}}