{"id":701578,"date":"2025-05-02T14:21:54","date_gmt":"2025-05-02T12:21:54","guid":{"rendered":"https:\/\/www.arclite-shop.de\/produkt\/02-4058075308657\/"},"modified":"2026-04-16T09:12:23","modified_gmt":"2026-04-16T07:12:23","slug":"02-4058075308657","status":"publish","type":"product","link":"https:\/\/www.arclite-shop.de\/en\/produkt\/02-4058075308657\/","title":{"rendered":"Radio-based light management system that follows the course of daylight with highly specified artificial light"},"content":{"rendered":"<p>Steuereinheit f\u00fcr BIOLUX Human Centric Lighting (HCL) Leuchten. Produkteigenschaften: Hochwertiges Produkt designed von LEDVANCE. 6 vorprogrammierte Lichtszenen ausw\u00e4hlbar: RELAX, CREATE, NATURAL, FOCUS, BOOST und EIN\/AUS. Ausgew\u00e4hlte Lichtszene wird im Display der Steuereinheit angezeigt. Zeitplan-Funktion in der BIOLUX App f\u00fcr individuelle Datum- und Zeiteinstellungen der 6 Lichtszenen f\u00fcr automatisierten Ablauf. Ein- und Ausschalten des Lichts mittels Steuereinheit und optionalen VIVARES Bewegungssensor. BIOLUX App mit Installationshinweisen und FAQ-Informationen f\u00fcr die schnelle Hilfe w\u00e4hrend der Installation. Montage in Standard-Unterputzdosen die auch f\u00fcr Lichtschalter und Steckdosen verwendet werden. Produktvorteile: Einfache und schnelle Installation des BIOLUX HCL-Beleuchtungssystems (BIOLUX HCL CONTROL UNIT in Verbindung mit BIOLUX HCL-Leuchte(n) \/ BIOLUX HCL LED Strips \/ VIVARES Bewegungssensor) dank drahtloser Zigbee 3.0 Technologie. Automatisierte Inbetriebnahme und Einrichtung durch die LEDVANCE BIOLUX App, keine Programmierung, Registrierung oder Cloud erforderlich. Intuitive Steuerung der BIOLUX HCL Leuchten \/ BIOLUX HCL LED Strips \u00fcber die Steuerungseinheit. Einfache Auswahl der passenden Lichtszenen f\u00fcr unterschiedliche Arbeitssituationen. Kann konzentriertes Arbeiten unterst\u00fctzen. 5 Jahre BIOLUX HCL-Systemgarantie bei Betrieb in einem BIOLUX HCL-System (BIOLUX HCL CONTROL UNIT in Verbindung mit BIOLUX HCL-Leuchte(n) \/ BIOLUX HCL LED Strips \/ VIVARES Bewegungssensor). Anwendungsgebiete: Lichtl\u00f6sung f\u00fcr bis zu 48 BIOLUX HCL Produkte (Leuchten \/ LED B\u00e4nder \/ VIVARES Bewegungssensor). Meeting- und Konferenzr\u00e4ume. Hotel- und B\u00fcror\u00e4ume mit wenig Tageslicht. Alten- und Pflegeheime. Krankenh\u00e4user. Technische Ausstattung: LEDVANCE BIOLUX App zur Kommissionierung (Inbetriebnahme) und f\u00fcr die Zusatzfunktionen Zeitplan \/ Sensoreinstellung \/ NATURAL Funktionspr\u00fcfung erforderlich (verf\u00fcgbar f\u00fcr Android und iOS).<\/p>\n","protected":false},"excerpt":{"rendered":"<p>Steuereinheit f\u00fcr BIOLUX Human Centric Lighting (HCL) Leuchten. Produkteigenschaften: Hochwertiges Produkt designed von LEDVANCE. 6 vorprogrammierte Lichtszenen ausw\u00e4hlbar: RELAX, CREATE, NATURAL, FOCUS, BOOST und EIN\/AUS. Ausgew\u00e4hlte Lichtszene wird im Display der Steuereinheit angezeigt. Zeitplan-Funktion in der BIOLUX App f\u00fcr individuelle<span class=\"excerpt-hellip\"> [\u2026]<\/span><\/p>\n","protected":false},"featured_media":702175,"template":"","meta":[],"product_brand":[],"product_cat":[87015],"product_tag":[],"class_list":{"0":"post-701578","1":"product","2":"type-product","3":"status-publish","4":"has-post-thumbnail","6":"product_cat-lichtregelsystemkomponente-ledvance","8":"first","9":"instock","10":"taxable","11":"shipping-taxable","12":"product-type-simple"},"_links":{"self":[{"href":"https:\/\/www.arclite-shop.de\/en\/wp-json\/wp\/v2\/product\/701578","targetHints":{"allow":["GET"]}}],"collection":[{"href":"https:\/\/www.arclite-shop.de\/en\/wp-json\/wp\/v2\/product"}],"about":[{"href":"https:\/\/www.arclite-shop.de\/en\/wp-json\/wp\/v2\/types\/product"}],"wp:featuredmedia":[{"embeddable":true,"href":"https:\/\/www.arclite-shop.de\/en\/wp-json\/wp\/v2\/media\/702175"}],"wp:attachment":[{"href":"https:\/\/www.arclite-shop.de\/en\/wp-json\/wp\/v2\/media?parent=701578"}],"wp:term":[{"taxonomy":"product_brand","embeddable":true,"href":"https:\/\/www.arclite-shop.de\/en\/wp-json\/wp\/v2\/product_brand?post=701578"},{"taxonomy":"product_cat","embeddable":true,"href":"https:\/\/www.arclite-shop.de\/en\/wp-json\/wp\/v2\/product_cat?post=701578"},{"taxonomy":"product_tag","embeddable":true,"href":"https:\/\/www.arclite-shop.de\/en\/wp-json\/wp\/v2\/product_tag?post=701578"}],"curies":[{"name":"wp","href":"https:\/\/api.w.org\/{rel}","templated":true}]}}