{"id":586868,"date":"2025-03-20T10:03:49","date_gmt":"2025-03-20T09:03:49","guid":{"rendered":"https:\/\/www.arclite-shop.de\/produkt\/02-4099854278563\/"},"modified":"2026-04-16T09:18:18","modified_gmt":"2026-04-16T07:18:18","slug":"02-4099854278563","status":"publish","type":"product","link":"https:\/\/www.arclite-shop.de\/en\/produkt\/02-4099854278563\/","title":{"rendered":"Small 12 V low-voltage LED lamps with retrofit socket"},"content":{"rendered":"<p>Kleine 12 V-Niedervolt-LED-Lampen mit Retrofit-Stecksockel. Produkteigenschaften: Kompatibel mit vielen handels\u00fcblichen elektronischen Vorschaltger\u00e4ten (siehe auchKompatibilit\u00e4tsliste). LED-Alternative zu Niedervolthalogenlampen. Sockel: G4. Produktvorteile: Extrem kleine Bauform. Variabler Einsatz an Gleich- und Wechselspannung m\u00f6glich. Gute Rundum-Lichtausstrahlung. Ideal f\u00fcr den dekorativen und frei brennenden Einsatz. Lange Lebensdauer von bis zu 15.000 h. Vier Jahre Garantie. Geringerer Energieverbrauch als Gl\u00fch- oder Halogenlampen. Anwendungsgebiete: Dekorative Anwendungen. F\u00fcr stimmungsvolle Lichtakzente in Wohnr\u00e4umen und Partykellern. Einsatz im Au\u00dfenbereich nur in geeigneten Au\u00dfenleuchten.<\/p>\n","protected":false},"excerpt":{"rendered":"<p>Kleine 12 V-Niedervolt-LED-Lampen mit Retrofit-Stecksockel. Produkteigenschaften: Kompatibel mit vielen handels\u00fcblichen elektronischen Vorschaltger\u00e4ten (siehe auchKompatibilit\u00e4tsliste). LED-Alternative zu Niedervolthalogenlampen. Sockel: G4. Produktvorteile: Extrem kleine Bauform. Variabler Einsatz an Gleich- und Wechselspannung m\u00f6glich. Gute Rundum-Lichtausstrahlung. Ideal f\u00fcr den dekorativen und frei brennenden Einsatz.<span class=\"excerpt-hellip\"> [\u2026]<\/span><\/p>\n","protected":false},"featured_media":587353,"template":"","meta":[],"product_brand":[],"product_cat":[87060],"product_tag":[],"class_list":{"0":"post-586868","1":"product","2":"type-product","3":"status-publish","4":"has-post-thumbnail","6":"product_cat-led-lampe-multi-led","8":"first","9":"instock","10":"taxable","11":"shipping-taxable","12":"product-type-simple"},"_links":{"self":[{"href":"https:\/\/www.arclite-shop.de\/en\/wp-json\/wp\/v2\/product\/586868","targetHints":{"allow":["GET"]}}],"collection":[{"href":"https:\/\/www.arclite-shop.de\/en\/wp-json\/wp\/v2\/product"}],"about":[{"href":"https:\/\/www.arclite-shop.de\/en\/wp-json\/wp\/v2\/types\/product"}],"wp:featuredmedia":[{"embeddable":true,"href":"https:\/\/www.arclite-shop.de\/en\/wp-json\/wp\/v2\/media\/587353"}],"wp:attachment":[{"href":"https:\/\/www.arclite-shop.de\/en\/wp-json\/wp\/v2\/media?parent=586868"}],"wp:term":[{"taxonomy":"product_brand","embeddable":true,"href":"https:\/\/www.arclite-shop.de\/en\/wp-json\/wp\/v2\/product_brand?post=586868"},{"taxonomy":"product_cat","embeddable":true,"href":"https:\/\/www.arclite-shop.de\/en\/wp-json\/wp\/v2\/product_cat?post=586868"},{"taxonomy":"product_tag","embeddable":true,"href":"https:\/\/www.arclite-shop.de\/en\/wp-json\/wp\/v2\/product_tag?post=586868"}],"curies":[{"name":"wp","href":"https:\/\/api.w.org\/{rel}","templated":true}]}}