{"id":586851,"date":"2025-03-20T10:03:43","date_gmt":"2025-03-20T09:03:43","guid":{"rendered":"https:\/\/www.arclite-shop.de\/produkt\/02-4058075839991\/"},"modified":"2026-04-16T09:20:13","modified_gmt":"2026-04-16T07:20:13","slug":"02-4058075839991","status":"publish","type":"product","link":"https:\/\/www.arclite-shop.de\/en\/produkt\/02-4058075839991\/","title":{"rendered":"Ultra-compact design lamp"},"content":{"rendered":"<p>Ultrakompakte Designlampe. Produkteigenschaften: Es werden zwei Versionen angeboten: Nicht dimmbar und 3-Step dimmbar. Diffusor in flacher Form mit E27-Sockel. Zwei Ringe (schwarz und wei\u00df) sind zur Anpassung enthalten, um verschiedene Farben f\u00fcr die Leuchte zu erm\u00f6glichen. Lebensdauer: bis zu 25.000 h. Die 3-Step dimmbare Version bietet einfache Dimmbarkeit \u00fcber einen Wandschalter. Produktvorteile: Ultrakompakte Designlampe ohne kolbemnf\u00f6rmigen Diffusor. Das Design der Lampe unterstreicht die Sch\u00f6nheit der verwendeten Leuchte. Das besondere Design bietet eine komfortable Lichtverteilung. Geringerer Energieverbrauch als Gl\u00fch- oder Halogenlampen. Anwendungsgebiete: Ideal f\u00fcr dekorative Einbauten. Allgemeinbeleuchtung. Einsatz im Au\u00dfenbereich nur in Au\u00dfenleuchten (mindestens IP65).<\/p>\n","protected":false},"excerpt":{"rendered":"<p>Ultrakompakte Designlampe. Produkteigenschaften: Es werden zwei Versionen angeboten: Nicht dimmbar und 3-Step dimmbar. Diffusor in flacher Form mit E27-Sockel. Zwei Ringe (schwarz und wei\u00df) sind zur Anpassung enthalten, um verschiedene Farben f\u00fcr die Leuchte zu erm\u00f6glichen. Lebensdauer: bis zu 25.000<span class=\"excerpt-hellip\"> [\u2026]<\/span><\/p>\n","protected":false},"featured_media":587435,"template":"","meta":[],"product_brand":[],"product_cat":[87060],"product_tag":[],"class_list":{"0":"post-586851","1":"product","2":"type-product","3":"status-publish","4":"has-post-thumbnail","6":"product_cat-led-lampe-multi-led","8":"first","9":"instock","10":"taxable","11":"shipping-taxable","12":"product-type-simple"},"_links":{"self":[{"href":"https:\/\/www.arclite-shop.de\/en\/wp-json\/wp\/v2\/product\/586851","targetHints":{"allow":["GET"]}}],"collection":[{"href":"https:\/\/www.arclite-shop.de\/en\/wp-json\/wp\/v2\/product"}],"about":[{"href":"https:\/\/www.arclite-shop.de\/en\/wp-json\/wp\/v2\/types\/product"}],"wp:featuredmedia":[{"embeddable":true,"href":"https:\/\/www.arclite-shop.de\/en\/wp-json\/wp\/v2\/media\/587435"}],"wp:attachment":[{"href":"https:\/\/www.arclite-shop.de\/en\/wp-json\/wp\/v2\/media?parent=586851"}],"wp:term":[{"taxonomy":"product_brand","embeddable":true,"href":"https:\/\/www.arclite-shop.de\/en\/wp-json\/wp\/v2\/product_brand?post=586851"},{"taxonomy":"product_cat","embeddable":true,"href":"https:\/\/www.arclite-shop.de\/en\/wp-json\/wp\/v2\/product_cat?post=586851"},{"taxonomy":"product_tag","embeddable":true,"href":"https:\/\/www.arclite-shop.de\/en\/wp-json\/wp\/v2\/product_tag?post=586851"}],"curies":[{"name":"wp","href":"https:\/\/api.w.org\/{rel}","templated":true}]}}