{"id":586820,"date":"2025-03-20T10:03:34","date_gmt":"2025-03-20T09:03:34","guid":{"rendered":"https:\/\/www.arclite-shop.de\/produkt\/02-4099854258671\/"},"modified":"2026-04-16T09:26:03","modified_gmt":"2026-04-16T07:26:03","slug":"02-4099854258671","status":"publish","type":"product","link":"https:\/\/www.arclite-shop.de\/en\/produkt\/02-4099854258671\/","title":{"rendered":"High-performance LED tubes for electromagnetic ballasts (KVG\/WG) and mains voltage, and for high-bay applications"},"content":{"rendered":"<p>Leistungsstarke LED-R\u00f6hren f\u00fcr elektromagnetische Vorschaltger\u00e4te (KVG\/WG) und Netzspannung, und f\u00fcr High Bay Anwendungen. Produkteigenschaften: LED-Ersatz f\u00fcr herk\u00f6mmliche T8-Leuchtstofflampen mit G13 Sockel in KVG Leuchten oder an Netzspannung. Schmaler Ausstrahlungswinkel: 90\u00b0. Flimmerarm nach EU 2019\/2020 (SVM ?0,4 \/ PstLM ? 1). ENEC 10 VDE-Zeichen. Lebensdauer: bis zu 75.000 h. Schutzart: IP20. Quecksilberfrei und RoHS-konform. Produktvorteile: Sehr hohe Beleuchtungsst\u00e4rke im Vergleich zu Standard LED-R\u00f6hren. Sehr hohe Schaltfestigkeit. Hoher Lichtstrom f\u00fcr anspruchsvolle Beleuchtungsaufgaben. Einfacher, schneller und sicherer Lampenaustausch ohne Umverdrahtung. Energieeinsparung von bis zu 62 % (gegen\u00fcber T8 Leuchtstofflampe). Volle Helligkeit ohne Aufw\u00e4rmphase, deswegen ideal geeignet in Kombination mit Sensorik. Auch geeignet f\u00fcr den Betrieb bei niedrigen Temperaturen. Anwendungsgebiete: Allgemeinbeleuchtung in Umgebungstemperaturen von -20&#8230;+50 \u00b0C. Lagerbereiche (Hochregallager). Beleuchtung in industrieller Fertigung. Industrie. Technische Ausstattung: Ersatzstarter f\u00fcr LED-R\u00f6hren.<\/p>\n","protected":false},"excerpt":{"rendered":"<p>Leistungsstarke LED-R\u00f6hren f\u00fcr elektromagnetische Vorschaltger\u00e4te (KVG\/WG) und Netzspannung, und f\u00fcr High Bay Anwendungen. Produkteigenschaften: LED-Ersatz f\u00fcr herk\u00f6mmliche T8-Leuchtstofflampen mit G13 Sockel in KVG Leuchten oder an Netzspannung. Schmaler Ausstrahlungswinkel: 90\u00b0. Flimmerarm nach EU 2019\/2020 (SVM ?0,4 \/ PstLM ? 1).<span class=\"excerpt-hellip\"> [\u2026]<\/span><\/p>\n","protected":false},"featured_media":587641,"template":"","meta":[],"product_brand":[],"product_cat":[87060],"product_tag":[],"class_list":{"0":"post-586820","1":"product","2":"type-product","3":"status-publish","4":"has-post-thumbnail","6":"product_cat-led-lampe-multi-led","8":"first","9":"instock","10":"taxable","11":"shipping-taxable","12":"product-type-simple"},"_links":{"self":[{"href":"https:\/\/www.arclite-shop.de\/en\/wp-json\/wp\/v2\/product\/586820","targetHints":{"allow":["GET"]}}],"collection":[{"href":"https:\/\/www.arclite-shop.de\/en\/wp-json\/wp\/v2\/product"}],"about":[{"href":"https:\/\/www.arclite-shop.de\/en\/wp-json\/wp\/v2\/types\/product"}],"wp:featuredmedia":[{"embeddable":true,"href":"https:\/\/www.arclite-shop.de\/en\/wp-json\/wp\/v2\/media\/587641"}],"wp:attachment":[{"href":"https:\/\/www.arclite-shop.de\/en\/wp-json\/wp\/v2\/media?parent=586820"}],"wp:term":[{"taxonomy":"product_brand","embeddable":true,"href":"https:\/\/www.arclite-shop.de\/en\/wp-json\/wp\/v2\/product_brand?post=586820"},{"taxonomy":"product_cat","embeddable":true,"href":"https:\/\/www.arclite-shop.de\/en\/wp-json\/wp\/v2\/product_cat?post=586820"},{"taxonomy":"product_tag","embeddable":true,"href":"https:\/\/www.arclite-shop.de\/en\/wp-json\/wp\/v2\/product_tag?post=586820"}],"curies":[{"name":"wp","href":"https:\/\/api.w.org\/{rel}","templated":true}]}}