{"id":586693,"date":"2025-03-20T10:03:00","date_gmt":"2025-03-20T09:03:00","guid":{"rendered":"https:\/\/www.arclite-shop.de\/produkt\/02-4058075836600\/"},"modified":"2026-04-16T09:58:08","modified_gmt":"2026-04-16T07:58:08","slug":"02-4058075836600","status":"publish","type":"product","link":"https:\/\/www.arclite-shop.de\/en\/produkt\/02-4058075836600\/","title":{"rendered":"Dimmable LED lamps, vintage edition, classic piston shape, mini candle shape and mini ball shape with LED technology"},"content":{"rendered":"<p>Dimmbare LED-Lampen, Vintage-Edition, klassische Kolbenform, Minikerzenforn und Miniballform mit LED Technologie im d\u00fcnnen dekorativen Gl\u00fchwendel-Design. Produkteigenschaften: LED-Lampen f\u00fcr Netzspannung. Lampe aus Glas. Lebensdauer: bis zu 15.000 h. Ausstrahlungswinkel: bis zu 360\u00b0. Dimmbar. Gute Lichtqualit\u00e4t; Farbwiedergabeindex Ra: \u226580; konstanter Farbort. Direkt als Leuchte einsetzbar. D\u00fcnneres Filament, bessere dekorative Wirkung. Produktvorteile: Geringerer Energieverbrauch als Gl\u00fch- oder Halogenlampen. Sofort 100 % Licht, keine Aufw\u00e4rmzeit. Einfacher Austausch von Standardgl\u00fchlampen. LED Technologie im d\u00fcnnen dekorativen Gl\u00fchwendel-Design. Spiralf\u00f6rmiges d\u00fcnne-Filament mit ?0,6 mm. Gerade, lang und d\u00fcnn \u0096 Filament; Breite: mindestens 0,7 mm. Anwendungsgebiete: Ideal f\u00fcr dekorative Einbauten. Anwendungen im Haushalt. Allgemeinbeleuchtung. Einsatz im Au\u00dfenbereich nur in geeigneten Au\u00dfenleuchten.<\/p>\n","protected":false},"excerpt":{"rendered":"<p>Dimmbare LED-Lampen, Vintage-Edition, klassische Kolbenform, Minikerzenforn und Miniballform mit LED Technologie im d\u00fcnnen dekorativen Gl\u00fchwendel-Design. Produkteigenschaften: LED-Lampen f\u00fcr Netzspannung. Lampe aus Glas. Lebensdauer: bis zu 15.000 h. Ausstrahlungswinkel: bis zu 360\u00b0. Dimmbar. Gute Lichtqualit\u00e4t; Farbwiedergabeindex Ra: \u226580; konstanter Farbort. Direkt<span class=\"excerpt-hellip\"> [\u2026]<\/span><\/p>\n","protected":false},"featured_media":588367,"template":"","meta":[],"product_brand":[],"product_cat":[87060],"product_tag":[],"class_list":{"0":"post-586693","1":"product","2":"type-product","3":"status-publish","4":"has-post-thumbnail","6":"product_cat-led-lampe-multi-led","8":"first","9":"instock","10":"taxable","11":"shipping-taxable","12":"product-type-simple"},"_links":{"self":[{"href":"https:\/\/www.arclite-shop.de\/en\/wp-json\/wp\/v2\/product\/586693","targetHints":{"allow":["GET"]}}],"collection":[{"href":"https:\/\/www.arclite-shop.de\/en\/wp-json\/wp\/v2\/product"}],"about":[{"href":"https:\/\/www.arclite-shop.de\/en\/wp-json\/wp\/v2\/types\/product"}],"wp:featuredmedia":[{"embeddable":true,"href":"https:\/\/www.arclite-shop.de\/en\/wp-json\/wp\/v2\/media\/588367"}],"wp:attachment":[{"href":"https:\/\/www.arclite-shop.de\/en\/wp-json\/wp\/v2\/media?parent=586693"}],"wp:term":[{"taxonomy":"product_brand","embeddable":true,"href":"https:\/\/www.arclite-shop.de\/en\/wp-json\/wp\/v2\/product_brand?post=586693"},{"taxonomy":"product_cat","embeddable":true,"href":"https:\/\/www.arclite-shop.de\/en\/wp-json\/wp\/v2\/product_cat?post=586693"},{"taxonomy":"product_tag","embeddable":true,"href":"https:\/\/www.arclite-shop.de\/en\/wp-json\/wp\/v2\/product_tag?post=586693"}],"curies":[{"name":"wp","href":"https:\/\/api.w.org\/{rel}","templated":true}]}}