{"id":586584,"date":"2025-03-20T10:02:25","date_gmt":"2025-03-20T09:02:25","guid":{"rendered":"https:\/\/www.arclite-shop.de\/produkt\/02-4099854276583\/"},"modified":"2026-04-16T10:36:15","modified_gmt":"2026-04-16T08:36:15","slug":"02-4099854276583","status":"publish","type":"product","link":"https:\/\/www.arclite-shop.de\/en\/produkt\/02-4099854276583\/","title":{"rendered":"Square recessed luminaires with wattage adjustment and strong glare control, for 625 x 625 mm ceiling systems"},"content":{"rendered":"<p>Quadratische Einlege-Leuchten mit Wattageneinstellung und starker Entblendung, f\u00fcr 625 x 625 mm Deckensysteme. Produkteigenschaften: Lebensdauer (L80\/B10): 100.000 h (bei 25 \u00b0C), (L90\/B10): 50.000 h (bei 25 \u00b0C). Geeignet f\u00fcr den Einsatz an Zentralbatteriesystemen gem\u00e4\u00df EN60598-2-22. 5-polige Anschlussklemme, Kabelquerschnitt bis zu 5 x 2,5 mm?. Rahmen aus stranggepresstem Aluminium, Metallgeh\u00e4use. Polystyrol-Diffuser. Leuchtenversionen mit IoT-f\u00e4higem DALI-2 Treiber verf\u00fcgbar. Produktvorteile: Sehr vielseitig durch eine am Treiber w\u00e4hlbare Wattageneinstellung (Power Select &#8211; PS) und bis zu 5220 lm. Energieeinsparung dank hoher Systemlichtausbeute: bis zu 170 lm\/W. Gute Entblendung (UGR ? 19). Hohe Farbkonsistenz mit SDCM 3. Externer Treiber f\u00fcr erweiterte Flexibilit\u00e4t und einfache Installation. Flimmerarmes Licht dank speziellem elektronischen Vorschaltger\u00e4t. Werkzeugloser elektrischer Anschluss dank Push-Button-Anschlussklemme. Durchverdrahtung mit enthaltener Anschlussbox m\u00f6glich. Dezentrale Sicherheitsbeleuchung m\u00f6glich mit separat erh\u00e4ltlicher LEDVANCE Emergency Conversion Box. Erweiterte Dienstleistungen wie Stromverbrauchs\u00fcberwachung und Fernwartung m\u00f6glich bei DALI Versionen. 7 Jahre Garantie. Anwendungsgebiete: Geeignet f\u00fcr Deckeneinbausysteme mit einem Rasterma\u00df von 625 x 625 mm. Direkter Ersatz f\u00fcr Einlege-Leuchten mit Leuchtstofflampen. B\u00fcror\u00e4ume, Konferenzr\u00e4ume. Empfangsbereiche, Eingangsbereiche, Korridore, Aufz\u00fcge. Technische Ausstattung: Zubeh\u00f6r f\u00fcr verschiedene Einbaum\u00f6glichkeiten erh\u00e4ltlich. Anschlussbox mit 5-poliger Anschlussklemme enthalten. Sicherheitsklemmen vormontiert. Externes Vorschaltger\u00e4t enthalten. Geeignet f\u00fcr den Betrieb mit Emergency Conversion Box. Wartungsf\u00e4hige Leuchte: Upgrade und Ersatzteile erh\u00e4ltlich<br \/>\n.<\/p>\n","protected":false},"excerpt":{"rendered":"<p>Quadratische Einlege-Leuchten mit Wattageneinstellung und starker Entblendung, f\u00fcr 625 x 625 mm Deckensysteme. Produkteigenschaften: Lebensdauer (L80\/B10): 100.000 h (bei 25 \u00b0C), (L90\/B10): 50.000 h (bei 25 \u00b0C). Geeignet f\u00fcr den Einsatz an Zentralbatteriesystemen gem\u00e4\u00df EN60598-2-22. 5-polige Anschlussklemme, Kabelquerschnitt bis zu<span class=\"excerpt-hellip\"> [\u2026]<\/span><\/p>\n","protected":false},"featured_media":365482,"template":"","meta":[],"product_brand":[],"product_cat":[87052],"product_tag":[],"class_list":{"0":"post-586584","1":"product","2":"type-product","3":"status-publish","4":"has-post-thumbnail","6":"product_cat-decken-wandleuchte","8":"first","9":"instock","10":"taxable","11":"shipping-taxable","12":"product-type-simple"},"_links":{"self":[{"href":"https:\/\/www.arclite-shop.de\/en\/wp-json\/wp\/v2\/product\/586584","targetHints":{"allow":["GET"]}}],"collection":[{"href":"https:\/\/www.arclite-shop.de\/en\/wp-json\/wp\/v2\/product"}],"about":[{"href":"https:\/\/www.arclite-shop.de\/en\/wp-json\/wp\/v2\/types\/product"}],"wp:featuredmedia":[{"embeddable":true,"href":"https:\/\/www.arclite-shop.de\/en\/wp-json\/wp\/v2\/media\/365482"}],"wp:attachment":[{"href":"https:\/\/www.arclite-shop.de\/en\/wp-json\/wp\/v2\/media?parent=586584"}],"wp:term":[{"taxonomy":"product_brand","embeddable":true,"href":"https:\/\/www.arclite-shop.de\/en\/wp-json\/wp\/v2\/product_brand?post=586584"},{"taxonomy":"product_cat","embeddable":true,"href":"https:\/\/www.arclite-shop.de\/en\/wp-json\/wp\/v2\/product_cat?post=586584"},{"taxonomy":"product_tag","embeddable":true,"href":"https:\/\/www.arclite-shop.de\/en\/wp-json\/wp\/v2\/product_tag?post=586584"}],"curies":[{"name":"wp","href":"https:\/\/api.w.org\/{rel}","templated":true}]}}