{"id":586583,"date":"2025-03-20T10:02:25","date_gmt":"2025-03-20T09:02:25","guid":{"rendered":"https:\/\/www.arclite-shop.de\/produkt\/02-4058075836082\/"},"modified":"2026-04-16T10:34:52","modified_gmt":"2026-04-16T08:34:52","slug":"02-4058075836082","status":"publish","type":"product","link":"https:\/\/www.arclite-shop.de\/en\/produkt\/02-4058075836082\/","title":{"rendered":"Moisture-proof luminaires, classic design with high-frequency sensor"},"content":{"rendered":"<p>Feuchtraumleuchten, klassische Bauform mit Hochfrequenzsensor. Produkteigenschaften: Hochfrequenzsensor f\u00fcr Tageslicht- und Bewegungserfassung. Sensor mit Master-Slave und Master-Master Funktionalit\u00e4t. Hohe Lichtausbeute: bis zu 139 lm\/W. Ausstrahlungswinkel: 110\u00b0. Produktvorteile: Installation einer gr\u00f6\u00dferen Anzahl von Sensor-gesteuerten Leuchten m\u00f6glich dank der Master-Slave und Master-Master Funktionalit\u00e4t. Mehrfache Einstellm\u00f6glichkeiten von Sensorbereich, Tageslichterkennung und Haltezeit. Flimmerarmes Licht ? 10 %. Einfache Installation, werkzeugloser Anschluss. 5 Jahre Garantie. Anwendungsgebiete: Industrie- und Lagerareale. Parkpl\u00e4tze und Unterf\u00fchrungen. Garagen. Werkst\u00e4tten, Fertigungsstra\u00dfen. Technische Ausstattung: Halteb\u00fcgel, Diebstahlschutz, Abh\u00e4ngeb\u00fcgel, zweite Kabelverschraubung und 2 W\u00fcrgenippel beiliegend.<\/p>\n","protected":false},"excerpt":{"rendered":"<p>Feuchtraumleuchten, klassische Bauform mit Hochfrequenzsensor. Produkteigenschaften: Hochfrequenzsensor f\u00fcr Tageslicht- und Bewegungserfassung. Sensor mit Master-Slave und Master-Master Funktionalit\u00e4t. Hohe Lichtausbeute: bis zu 139 lm\/W. Ausstrahlungswinkel: 110\u00b0. Produktvorteile: Installation einer gr\u00f6\u00dferen Anzahl von Sensor-gesteuerten Leuchten m\u00f6glich dank der Master-Slave und Master-Master Funktionalit\u00e4t.<span class=\"excerpt-hellip\"> [\u2026]<\/span><\/p>\n","protected":false},"featured_media":589151,"template":"","meta":[],"product_brand":[],"product_cat":[87052],"product_tag":[],"class_list":{"0":"post-586583","1":"product","2":"type-product","3":"status-publish","4":"has-post-thumbnail","6":"product_cat-decken-wandleuchte","8":"first","9":"instock","10":"taxable","11":"shipping-taxable","12":"product-type-simple"},"_links":{"self":[{"href":"https:\/\/www.arclite-shop.de\/en\/wp-json\/wp\/v2\/product\/586583","targetHints":{"allow":["GET"]}}],"collection":[{"href":"https:\/\/www.arclite-shop.de\/en\/wp-json\/wp\/v2\/product"}],"about":[{"href":"https:\/\/www.arclite-shop.de\/en\/wp-json\/wp\/v2\/types\/product"}],"wp:featuredmedia":[{"embeddable":true,"href":"https:\/\/www.arclite-shop.de\/en\/wp-json\/wp\/v2\/media\/589151"}],"wp:attachment":[{"href":"https:\/\/www.arclite-shop.de\/en\/wp-json\/wp\/v2\/media?parent=586583"}],"wp:term":[{"taxonomy":"product_brand","embeddable":true,"href":"https:\/\/www.arclite-shop.de\/en\/wp-json\/wp\/v2\/product_brand?post=586583"},{"taxonomy":"product_cat","embeddable":true,"href":"https:\/\/www.arclite-shop.de\/en\/wp-json\/wp\/v2\/product_cat?post=586583"},{"taxonomy":"product_tag","embeddable":true,"href":"https:\/\/www.arclite-shop.de\/en\/wp-json\/wp\/v2\/product_tag?post=586583"}],"curies":[{"name":"wp","href":"https:\/\/api.w.org\/{rel}","templated":true}]}}