{"id":586549,"date":"2025-03-20T10:02:16","date_gmt":"2025-03-20T09:02:16","guid":{"rendered":"https:\/\/www.arclite-shop.de\/produkt\/02-4099854135477\/"},"modified":"2026-04-16T10:47:55","modified_gmt":"2026-04-16T08:47:55","slug":"02-4099854135477","status":"publish","type":"product","link":"https:\/\/www.arclite-shop.de\/en\/produkt\/02-4099854135477\/","title":{"rendered":"Surface-mounted luminaire for single or continuous rooflight office applications with CRI90 and selectable wattage setting (Power Select - PS), 1500 mm"},"content":{"rendered":"<p>Anbauleuchte f\u00fcr Einzel- oder Lichtband-B\u00fcroanwendungen mit CRI90 und w\u00e4hlbarer Wattageneinstellung (Power Select &#8211; PS), 1500 mm. Produkteigenschaften: Minimalistisches LEDVANCE SCALE-Design in einem Geh\u00e4use aus stranggepresstem Aluminium<br \/>\n. Enth\u00e4lt EVERLOOP: Komfortabler Austausch von Lichtquelle und LED Treiber. Verbindbar in ein nahtloses Lichtband mit Zubeh\u00f6r (Anbau- oder Abh\u00e4ngemontage). Abgeh\u00e4ngte Montage mit Abh\u00e4ngeset (separat zu bestellen). Gl\u00fchdrahtpr\u00fcfung nach IEC 60695-2-12: 850 \u00b0C. 5-polige Anschlussklemme, Kabelquerschnitt bis zu 5 x 2,5 mm?. Lebensdauer (L80\/B10): 70.000 h (bei 25 \u00b0C). Produktvorteile: Einfache Aufr\u00fcstbarkeit von Lichtquelle und Treiber (EVERLOOP-Design). Homogene Lichtverteilung und reduzierte Blendwirkung (UGR ? 19) dank IndiviLED\u00ae-Optik. Hohe technische Leistung mit CRI90 und bis zu 130 lm\/W. Sehr vielseitig durch eine am Treiber w\u00e4hlbare Wattageneinstellung (Power Select &#8211; PS). Symmetrische und asymmetrische Lichtverteilung f\u00fcr ein breites Anwendungsspektrum. Hohe Farbkonsistenz mit SDCM 3. Einfache Installation. Flimmerarmes Licht dank speziellem elektronischen Vorschaltger\u00e4t. Vielf\u00e4ltige Montagem\u00f6glichkeiten durch unterschiedliches Zubeh\u00f6r. 5 Jahre Garantie. Anwendungsgebiete: Direkter Ersatz f\u00fcr Leuchten mit Leuchtstofflampen. B\u00fcros, Bildungseinrichtungen, \u00f6ffentliche Einrichtungen. Einzelanwendung oder im Verbund als Lichtband. Direktbeleuchtung. Technische Ausstattung: Abh\u00e4ngeset f\u00fcr H\u00e4ngleuchten-Version erh\u00e4ltlich (separat zu bestellen). Inline-, Eck- und Infill-Verbinder als separates Zubeh\u00f6r erh\u00e4ltlich. Durchgangsverdrahtungs-Set verf\u00fcgbar.<\/p>\n","protected":false},"excerpt":{"rendered":"<p>Anbauleuchte f\u00fcr Einzel- oder Lichtband-B\u00fcroanwendungen mit CRI90 und w\u00e4hlbarer Wattageneinstellung (Power Select &#8211; PS), 1500 mm. Produkteigenschaften: Minimalistisches LEDVANCE SCALE-Design in einem Geh\u00e4use aus stranggepresstem Aluminium . Enth\u00e4lt EVERLOOP: Komfortabler Austausch von Lichtquelle und LED Treiber. Verbindbar in ein nahtloses<span class=\"excerpt-hellip\"> [\u2026]<\/span><\/p>\n","protected":false},"featured_media":589409,"template":"","meta":[],"product_brand":[],"product_cat":[87052],"product_tag":[],"class_list":{"0":"post-586549","1":"product","2":"type-product","3":"status-publish","4":"has-post-thumbnail","6":"product_cat-decken-wandleuchte","8":"first","9":"instock","10":"taxable","11":"shipping-taxable","12":"product-type-simple"},"_links":{"self":[{"href":"https:\/\/www.arclite-shop.de\/en\/wp-json\/wp\/v2\/product\/586549","targetHints":{"allow":["GET"]}}],"collection":[{"href":"https:\/\/www.arclite-shop.de\/en\/wp-json\/wp\/v2\/product"}],"about":[{"href":"https:\/\/www.arclite-shop.de\/en\/wp-json\/wp\/v2\/types\/product"}],"wp:featuredmedia":[{"embeddable":true,"href":"https:\/\/www.arclite-shop.de\/en\/wp-json\/wp\/v2\/media\/589409"}],"wp:attachment":[{"href":"https:\/\/www.arclite-shop.de\/en\/wp-json\/wp\/v2\/media?parent=586549"}],"wp:term":[{"taxonomy":"product_brand","embeddable":true,"href":"https:\/\/www.arclite-shop.de\/en\/wp-json\/wp\/v2\/product_brand?post=586549"},{"taxonomy":"product_cat","embeddable":true,"href":"https:\/\/www.arclite-shop.de\/en\/wp-json\/wp\/v2\/product_cat?post=586549"},{"taxonomy":"product_tag","embeddable":true,"href":"https:\/\/www.arclite-shop.de\/en\/wp-json\/wp\/v2\/product_tag?post=586549"}],"curies":[{"name":"wp","href":"https:\/\/api.w.org\/{rel}","templated":true}]}}