{"id":586547,"date":"2025-03-20T10:02:15","date_gmt":"2025-03-20T09:02:15","guid":{"rendered":"https:\/\/www.arclite-shop.de\/produkt\/02-4099854096112\/"},"modified":"2026-04-16T10:50:25","modified_gmt":"2026-04-16T08:50:25","slug":"02-4099854096112","status":"publish","type":"product","link":"https:\/\/www.arclite-shop.de\/en\/produkt\/02-4099854096112\/","title":{"rendered":"Luminaire with two colour temperatures adjustable via wall switches"},"content":{"rendered":"<p>Leuchte mit zwei \u00fcber Wandschalter einstellbaren Farbtemperaturen. Produkteigenschaften: Schutzart: IP44. Farbtemperatur \u00fcber Wandschalter w\u00e4hlbar (3000 K, 4000 K). Produktvorteile: F\u00fcr Feuchtr\u00e4ume (Zone 2 und 3) geeignet. Die Lichtfarbe kann zwischen zwei Farbtemperaturen gew\u00e4hlt werden. Anwendungsgebiete: Innenraumanwendungen. Badezimmer (IP44).<\/p>\n","protected":false},"excerpt":{"rendered":"<p>Leuchte mit zwei \u00fcber Wandschalter einstellbaren Farbtemperaturen. Produkteigenschaften: Schutzart: IP44. Farbtemperatur \u00fcber Wandschalter w\u00e4hlbar (3000 K, 4000 K). Produktvorteile: F\u00fcr Feuchtr\u00e4ume (Zone 2 und 3) geeignet. Die Lichtfarbe kann zwischen zwei Farbtemperaturen gew\u00e4hlt werden. Anwendungsgebiete: Innenraumanwendungen. Badezimmer (IP44).<\/p>\n","protected":false},"featured_media":589465,"template":"","meta":[],"product_brand":[],"product_cat":[87052],"product_tag":[],"class_list":{"0":"post-586547","1":"product","2":"type-product","3":"status-publish","4":"has-post-thumbnail","6":"product_cat-decken-wandleuchte","8":"first","9":"instock","10":"taxable","11":"shipping-taxable","12":"product-type-simple"},"_links":{"self":[{"href":"https:\/\/www.arclite-shop.de\/en\/wp-json\/wp\/v2\/product\/586547","targetHints":{"allow":["GET"]}}],"collection":[{"href":"https:\/\/www.arclite-shop.de\/en\/wp-json\/wp\/v2\/product"}],"about":[{"href":"https:\/\/www.arclite-shop.de\/en\/wp-json\/wp\/v2\/types\/product"}],"wp:featuredmedia":[{"embeddable":true,"href":"https:\/\/www.arclite-shop.de\/en\/wp-json\/wp\/v2\/media\/589465"}],"wp:attachment":[{"href":"https:\/\/www.arclite-shop.de\/en\/wp-json\/wp\/v2\/media?parent=586547"}],"wp:term":[{"taxonomy":"product_brand","embeddable":true,"href":"https:\/\/www.arclite-shop.de\/en\/wp-json\/wp\/v2\/product_brand?post=586547"},{"taxonomy":"product_cat","embeddable":true,"href":"https:\/\/www.arclite-shop.de\/en\/wp-json\/wp\/v2\/product_cat?post=586547"},{"taxonomy":"product_tag","embeddable":true,"href":"https:\/\/www.arclite-shop.de\/en\/wp-json\/wp\/v2\/product_tag?post=586547"}],"curies":[{"name":"wp","href":"https:\/\/api.w.org\/{rel}","templated":true}]}}