{"id":586486,"date":"2025-03-20T10:00:53","date_gmt":"2025-03-20T09:00:53","guid":{"rendered":"https:\/\/www.arclite-shop.de\/produkt\/02-4058075724587\/"},"modified":"2026-04-16T10:55:48","modified_gmt":"2026-04-16T08:55:48","slug":"02-4058075724587","status":"publish","type":"product","link":"https:\/\/www.arclite-shop.de\/en\/produkt\/02-4058075724587\/","title":{"rendered":"Radio-based light management system that follows the course of daylight with highly specified artificial light"},"content":{"rendered":"<p>Einlege-Leuchten, Tunbale White, 110 lm\/W, werkzeuglose Montage, Zigbee 3.0. Produkteigenschaften: Farbtemperatur \u00fcber Tunable White einstellbar: 2.700\u20266.500 K. Sehr hoher Farbwiedergabeindex Ra: &gt; 90. Anf\u00e4ngliche Farbkonsistenz: 3 SDCM (Schwellwerteinheit). Hohe Lichtausbeute: bis zu 110 lm\/W. Produktvorteile: Geeignete Leuchte f\u00fcr BIOLUX, VIVARES und andere Zigbee 3.0 Lichtmanagement-Systeme f\u00fcr eine einfache Integration in Partnersysteme. Kompatibel mit VIVARES Cloud-Diensten. Durchverdrahtung mit enthaltener Anschlussbox m\u00f6glich. Gute Entblendung (UGR \u2264 19). Flimmerarmes Licht dank speziellem elektronischen Vorschaltger\u00e4t. 5 Jahre BIOLUX HCL-Systemgarantie bei Betrieb in einem BIOLUX HCL-System. Anwendungsgebiete: Verf\u00fcgbar f\u00fcr Rasterma\u00dfe von 600 x 600 mm, 625 x 625 mm und 1200 x 300 mm. BIOLUX HCL System: Lichtl\u00f6sung f\u00fcr einzelne B\u00fcrobereiche mit bis zu 48 BIOLUX HCL Produkten. VIVARES Zigbee System: Gro\u00dfraumb\u00fcrol\u00f6sung f\u00fcr bis zu 200 BIOLUX HCL Produkte. Hotel- und B\u00fcror\u00e4ume mit wenig Tageslicht. Alten- und Pflegeheime. Technische Ausstattung: Anschlussbox mit 5-poliger Anschlussklemme enthalten. Externes Vorschaltger\u00e4t enthalten. LEDVANCE BIOLUX App nur zur Kommissionierung (Inbetriebnahme) des BIOLUX HCL Systems erforderlich (verf\u00fcgbar f\u00fcr Android und iOS). LEDVANCE VIVARES App f\u00fcr Projektplanung und Kommissionierung (Inbetriebnahme) des VIVARES ZIGBEE Systems erforderlich (verf\u00fcgbar f\u00fcr Android und iOS). Zubeh\u00f6r f\u00fcr verschiedene Einbaum\u00f6glichkeiten erh\u00e4ltlich.<\/p>\n","protected":false},"excerpt":{"rendered":"<p>Einlege-Leuchten, Tunbale White, 110 lm\/W, werkzeuglose Montage, Zigbee 3.0. Produkteigenschaften: Farbtemperatur \u00fcber Tunable White einstellbar: 2.700\u20266.500 K. Sehr hoher Farbwiedergabeindex Ra: &gt; 90. Anf\u00e4ngliche Farbkonsistenz: 3 SDCM (Schwellwerteinheit). Hohe Lichtausbeute: bis zu 110 lm\/W. Produktvorteile: Geeignete Leuchte f\u00fcr BIOLUX, VIVARES<span class=\"excerpt-hellip\"> [\u2026]<\/span><\/p>\n","protected":false},"featured_media":410951,"template":"","meta":[],"product_brand":[],"product_cat":[87052],"product_tag":[],"class_list":{"0":"post-586486","1":"product","2":"type-product","3":"status-publish","4":"has-post-thumbnail","6":"product_cat-decken-wandleuchte","8":"first","9":"instock","10":"taxable","11":"shipping-taxable","12":"product-type-simple"},"_links":{"self":[{"href":"https:\/\/www.arclite-shop.de\/en\/wp-json\/wp\/v2\/product\/586486","targetHints":{"allow":["GET"]}}],"collection":[{"href":"https:\/\/www.arclite-shop.de\/en\/wp-json\/wp\/v2\/product"}],"about":[{"href":"https:\/\/www.arclite-shop.de\/en\/wp-json\/wp\/v2\/types\/product"}],"wp:featuredmedia":[{"embeddable":true,"href":"https:\/\/www.arclite-shop.de\/en\/wp-json\/wp\/v2\/media\/410951"}],"wp:attachment":[{"href":"https:\/\/www.arclite-shop.de\/en\/wp-json\/wp\/v2\/media?parent=586486"}],"wp:term":[{"taxonomy":"product_brand","embeddable":true,"href":"https:\/\/www.arclite-shop.de\/en\/wp-json\/wp\/v2\/product_brand?post=586486"},{"taxonomy":"product_cat","embeddable":true,"href":"https:\/\/www.arclite-shop.de\/en\/wp-json\/wp\/v2\/product_cat?post=586486"},{"taxonomy":"product_tag","embeddable":true,"href":"https:\/\/www.arclite-shop.de\/en\/wp-json\/wp\/v2\/product_tag?post=586486"}],"curies":[{"name":"wp","href":"https:\/\/api.w.org\/{rel}","templated":true}]}}