{"id":586429,"date":"2025-03-20T10:00:09","date_gmt":"2025-03-20T09:00:09","guid":{"rendered":"https:\/\/www.arclite-shop.de\/produkt\/02-4058075515307\/"},"modified":"2026-04-16T11:07:48","modified_gmt":"2026-04-16T09:07:48","slug":"02-4058075515307","status":"publish","type":"product","link":"https:\/\/www.arclite-shop.de\/en\/produkt\/02-4058075515307\/","title":{"rendered":"Surface-mounted luminaire with high luminous flux and integrated emergency lighting function"},"content":{"rendered":"<p>Anbauleuchte mit hohem Lichtstrom und integrierter Sicherheitsbeleuchtungsfunktion. Produkteigenschaften: Zertifiziert gem\u00e4\u00df Europ\u00e4ischer Normen (EN 60598-1:2015; EN 60598-2-22:2014). Leuchte f\u00fcr Allgemeinbeleuchtung und Sicherheitsbeleuchtung geeignet. Einzelbatterieleuchten. Sicherheitsbeleuchtungs-Funktion: Batterieentladedauer 3 h. Funktionstest der Sicherheitsbeleuchtung: automatisch (AT). Batterietechnologie: LiFePO4. Sehr hohe Lichtsausbeute: bis zu 125 lm\/W. Robustes Metallgeh\u00e4use und PC Diffusor. Verdrahtung auf der R\u00fcckseite der Leuchte. Durchverdrahtung m\u00f6glich. Produktvorteile: Nahtlose Integration von Leuchten mit Sicherheitsbeleuchtungs-Funktion in die Allgemeinbeleuchtung. Einfache Verkabelung dank mitgeliefertem, vorverdrahtetem Treiber und Batterie f\u00fcr die Sicherheitsbeleuchtungs-Funktion. Einfache Pr\u00fcfung der Sicherheitsbeleuchtungs-Funktion durch integrierte automatische Testfunktion. Komfortable Visualisierung der Ergebnisse des automatischen Tests mit enthaltener Kontroll-LED. Betrieb der Sicherheitsbeleuchtungs-Funktion mit langlebiger LiFePO4 Batterie mit 3h Betriebsentladungszeit. Hohe Lichtausbeute im Normalbetrieb. Ersatz von konventionellen T8-Leuchten mit bis zu 7100 lm. Bis zu 60 % Energieersparnis (im Vergleich zu Leuchten, die Leuchtstofflampen nutzen). Robustes Geh\u00e4use mit IK08. 3 Jahre Garantie. Anwendungsgebiete: Sicherheitsbeleuchtung f\u00fcr Rettungswegen. Antipanik-Beleuchtung. Geb\u00e4ude, f\u00fcr die Sicherheitsbeleuchtung von 3 h erforderlich ist. Direkter Ersatz f\u00fcr Leuchten mit Leuchtstofflampen. Innenraumanwendungen. Industrielle und gewerbliche Hallen. \u00d6ffentlicher Raum. Korridore,Treppenh\u00e4user, Keller. Technische Ausstattung: Inklusive Montageschrauben und D\u00fcbel.<\/p>\n","protected":false},"excerpt":{"rendered":"<p>Anbauleuchte mit hohem Lichtstrom und integrierter Sicherheitsbeleuchtungsfunktion. Produkteigenschaften: Zertifiziert gem\u00e4\u00df Europ\u00e4ischer Normen (EN 60598-1:2015; EN 60598-2-22:2014). Leuchte f\u00fcr Allgemeinbeleuchtung und Sicherheitsbeleuchtung geeignet. Einzelbatterieleuchten. Sicherheitsbeleuchtungs-Funktion: Batterieentladedauer 3 h. Funktionstest der Sicherheitsbeleuchtung: automatisch (AT). Batterietechnologie: LiFePO4. Sehr hohe Lichtsausbeute: bis zu 125<span class=\"excerpt-hellip\"> [\u2026]<\/span><\/p>\n","protected":false},"featured_media":367114,"template":"","meta":[],"product_brand":[],"product_cat":[87072],"product_tag":[],"class_list":{"0":"post-586429","1":"product","2":"type-product","3":"status-publish","4":"has-post-thumbnail","6":"product_cat-lichtleiste","8":"first","9":"instock","10":"taxable","11":"shipping-taxable","12":"product-type-simple"},"_links":{"self":[{"href":"https:\/\/www.arclite-shop.de\/en\/wp-json\/wp\/v2\/product\/586429","targetHints":{"allow":["GET"]}}],"collection":[{"href":"https:\/\/www.arclite-shop.de\/en\/wp-json\/wp\/v2\/product"}],"about":[{"href":"https:\/\/www.arclite-shop.de\/en\/wp-json\/wp\/v2\/types\/product"}],"wp:featuredmedia":[{"embeddable":true,"href":"https:\/\/www.arclite-shop.de\/en\/wp-json\/wp\/v2\/media\/367114"}],"wp:attachment":[{"href":"https:\/\/www.arclite-shop.de\/en\/wp-json\/wp\/v2\/media?parent=586429"}],"wp:term":[{"taxonomy":"product_brand","embeddable":true,"href":"https:\/\/www.arclite-shop.de\/en\/wp-json\/wp\/v2\/product_brand?post=586429"},{"taxonomy":"product_cat","embeddable":true,"href":"https:\/\/www.arclite-shop.de\/en\/wp-json\/wp\/v2\/product_cat?post=586429"},{"taxonomy":"product_tag","embeddable":true,"href":"https:\/\/www.arclite-shop.de\/en\/wp-json\/wp\/v2\/product_tag?post=586429"}],"curies":[{"name":"wp","href":"https:\/\/api.w.org\/{rel}","templated":true}]}}