{"id":586418,"date":"2025-03-20T10:00:02","date_gmt":"2025-03-20T09:00:02","guid":{"rendered":"https:\/\/www.arclite-shop.de\/produkt\/02-4058075503984\/"},"modified":"2026-04-16T11:09:36","modified_gmt":"2026-04-16T09:09:36","slug":"02-4058075503984","status":"publish","type":"product","link":"https:\/\/www.arclite-shop.de\/en\/produkt\/02-4058075503984\/","title":{"rendered":"Surface-mounted luminaire for single or continuous rooflight applications and DALI-2 IoT technology"},"content":{"rendered":"<p>Anbauleuchte f\u00fcr Einzel- oder Lichtbandanwendungen und DALI-2 IoT Technologie. Produkteigenschaften: IoT-f\u00e4hige Leuchte mit DALI-2 Technologie. Jede LED mit individueller Linse und Reflektor f\u00fcr UGR &lt; 16 und homogene Lichtverteilung. Abgeh\u00e4ngte Montage mit Abh\u00e4ngeset. Verbindbar in ein nahtloses Lichtband mithilfe eines mechanischen Verbinders (bei Anbau- oder Abh\u00e4ngemontage). Versionen mit L\u00e4nge 1200 oder 1500 mm verf\u00fcgbar. Lichtstrom bis zu 5700 lm. Lichtausbeute: bis zu 125 lm\/W. Anf\u00e4ngliche Farbkonsistenz: 3 SDCM (Schwellwerteinheit). Gl\u00fchdrahtpr\u00fcfung nach IEC 60695-2-12: 850 \u00b0C. Versionen mit CRI 90 verf\u00fcgbar. Lebensdauer (L70\/B50): 60.000 h (bei 25 \u00b0C). Produktvorteile: Geeignete Leuchte f\u00fcr VIVARES und andere DALI-2 Licht Management Systeme. Homogene Lichtverteilung und reduzierte Blendwirkung dank der IndiviLED\u00ae-Optik. Verschiedene Montageoptionen. Die Produktfamilie bietet umfassende L\u00f6sungen f\u00fcr unterschiedlichste Anwendungsgebiete. Bis zu 50 % Energieersparnis verglichen mit T5-Lichtleisten. Weitere Varianten mit DALI-EVG, Notbeleuchtung-Funktion gem\u00e4\u00df IEC 60598-2-22 oder Durchverdrahtung zus\u00e4tzlich verf\u00fcgbar. Robustes Geh\u00e4use mit IK06. Flimmerarmes Licht dank speziellem elektronischen Vorschaltger\u00e4t. 5 Jahre Garantie. Anwendungsgebiete: Direkter Ersatz f\u00fcr Leuchten mit Leuchtstofflampen. B\u00fcror\u00e4ume, Schulen. Allgemeine Innenbeleuchtung. Korridore, Eingangsbereiche. Nahtlose Lichtb\u00e4nder. Shopbeleuchtung. Technische Ausstattung: Deckenanschlu\u00dfdose verf\u00fcgbar. Abh\u00e4ngeset verf\u00fcgbar. Mechanischer Verbinder verf\u00fcgbar. Durchgangsverdrahtungs-Set verf\u00fcgbar.<\/p>\n","protected":false},"excerpt":{"rendered":"<p>Anbauleuchte f\u00fcr Einzel- oder Lichtbandanwendungen und DALI-2 IoT Technologie. Produkteigenschaften: IoT-f\u00e4hige Leuchte mit DALI-2 Technologie. Jede LED mit individueller Linse und Reflektor f\u00fcr UGR &lt; 16 und homogene Lichtverteilung. Abgeh\u00e4ngte Montage mit Abh\u00e4ngeset. Verbindbar in ein nahtloses Lichtband mithilfe eines<span class=\"excerpt-hellip\"> [\u2026]<\/span><\/p>\n","protected":false},"featured_media":367158,"template":"","meta":[],"product_brand":[],"product_cat":[87052],"product_tag":[],"class_list":{"0":"post-586418","1":"product","2":"type-product","3":"status-publish","4":"has-post-thumbnail","6":"product_cat-decken-wandleuchte","8":"first","9":"instock","10":"taxable","11":"shipping-taxable","12":"product-type-simple"},"_links":{"self":[{"href":"https:\/\/www.arclite-shop.de\/en\/wp-json\/wp\/v2\/product\/586418","targetHints":{"allow":["GET"]}}],"collection":[{"href":"https:\/\/www.arclite-shop.de\/en\/wp-json\/wp\/v2\/product"}],"about":[{"href":"https:\/\/www.arclite-shop.de\/en\/wp-json\/wp\/v2\/types\/product"}],"wp:featuredmedia":[{"embeddable":true,"href":"https:\/\/www.arclite-shop.de\/en\/wp-json\/wp\/v2\/media\/367158"}],"wp:attachment":[{"href":"https:\/\/www.arclite-shop.de\/en\/wp-json\/wp\/v2\/media?parent=586418"}],"wp:term":[{"taxonomy":"product_brand","embeddable":true,"href":"https:\/\/www.arclite-shop.de\/en\/wp-json\/wp\/v2\/product_brand?post=586418"},{"taxonomy":"product_cat","embeddable":true,"href":"https:\/\/www.arclite-shop.de\/en\/wp-json\/wp\/v2\/product_cat?post=586418"},{"taxonomy":"product_tag","embeddable":true,"href":"https:\/\/www.arclite-shop.de\/en\/wp-json\/wp\/v2\/product_tag?post=586418"}],"curies":[{"name":"wp","href":"https:\/\/api.w.org\/{rel}","templated":true}]}}