{"id":586306,"date":"2025-03-20T09:59:25","date_gmt":"2025-03-20T08:59:25","guid":{"rendered":"https:\/\/www.arclite-shop.de\/produkt\/02-4058075227996\/"},"modified":"2026-04-27T06:10:26","modified_gmt":"2026-04-27T04:10:26","slug":"02-4058075227996","status":"publish","type":"product","link":"https:\/\/www.arclite-shop.de\/en\/produkt\/02-4058075227996\/","title":{"rendered":"Interior Pendant Lamps, Vintage Style, E27 Base"},"content":{"rendered":"<p>Innenraum-Pendelleuchten, Vintage-Stil, E27 Sockel. Produkteigenschaften: Reduziertes, industrielles Design. Aus klassische Materialien. Besondere Vintage-Wirkung bei Verwendung mit 1906-Lampen. Flexible Montagem\u00f6glichkeiten: Leinenprinzip. Erh\u00e4ltlich in verschiedenen Farben. 2 m langes Textilkabel. Produktvorteile: Flexible Beleuchtung dank unz\u00e4hliger Montagem\u00f6glichkeiten. Aus Vollaluminium in hochwertiger Optik. Seidenmatte Oberfl\u00e4che mit gro\u00dfartiger Optik und Haptik. Zubeh\u00f6r f\u00fcr flexible Montagem\u00f6glichkeiten enthalten. Anwendungsgebiete: Wohnbereiche (Wohnzimmer, Esszimmer, Schlafzimmer usw.). Gewerbe (Hotels, Bars, Boutiquen usw.).<\/p>\n","protected":false},"excerpt":{"rendered":"<p>Innenraum-Pendelleuchten, Vintage-Stil, E27 Sockel. Produkteigenschaften: Reduziertes, industrielles Design. Aus klassische Materialien. Besondere Vintage-Wirkung bei Verwendung mit 1906-Lampen. Flexible Montagem\u00f6glichkeiten: Leinenprinzip. Erh\u00e4ltlich in verschiedenen Farben. 2 m langes Textilkabel. Produktvorteile: Flexible Beleuchtung dank unz\u00e4hliger Montagem\u00f6glichkeiten. Aus Vollaluminium in hochwertiger Optik. Seidenmatte<span class=\"excerpt-hellip\"> [\u2026]<\/span><\/p>\n","protected":false},"featured_media":589725,"template":"","meta":[],"product_brand":[],"product_cat":[87092],"product_tag":[],"class_list":{"0":"post-586306","1":"product","2":"type-product","3":"status-publish","4":"has-post-thumbnail","6":"product_cat-pendelleuchte","8":"first","9":"outofstock","10":"taxable","11":"shipping-taxable","12":"product-type-simple"},"_links":{"self":[{"href":"https:\/\/www.arclite-shop.de\/en\/wp-json\/wp\/v2\/product\/586306","targetHints":{"allow":["GET"]}}],"collection":[{"href":"https:\/\/www.arclite-shop.de\/en\/wp-json\/wp\/v2\/product"}],"about":[{"href":"https:\/\/www.arclite-shop.de\/en\/wp-json\/wp\/v2\/types\/product"}],"wp:featuredmedia":[{"embeddable":true,"href":"https:\/\/www.arclite-shop.de\/en\/wp-json\/wp\/v2\/media\/589725"}],"wp:attachment":[{"href":"https:\/\/www.arclite-shop.de\/en\/wp-json\/wp\/v2\/media?parent=586306"}],"wp:term":[{"taxonomy":"product_brand","embeddable":true,"href":"https:\/\/www.arclite-shop.de\/en\/wp-json\/wp\/v2\/product_brand?post=586306"},{"taxonomy":"product_cat","embeddable":true,"href":"https:\/\/www.arclite-shop.de\/en\/wp-json\/wp\/v2\/product_cat?post=586306"},{"taxonomy":"product_tag","embeddable":true,"href":"https:\/\/www.arclite-shop.de\/en\/wp-json\/wp\/v2\/product_tag?post=586306"}],"curies":[{"name":"wp","href":"https:\/\/api.w.org\/{rel}","templated":true}]}}