{"id":586242,"date":"2025-03-20T09:59:03","date_gmt":"2025-03-20T08:59:03","guid":{"rendered":"https:\/\/www.arclite-shop.de\/produkt\/02-4052899627079\/"},"modified":"2026-04-16T11:12:52","modified_gmt":"2026-04-16T09:12:52","slug":"02-4052899627079","status":"publish","type":"product","link":"https:\/\/www.arclite-shop.de\/en\/produkt\/02-4052899627079\/","title":{"rendered":"Controllers for wired IOT light management systems with DALI-2 technologyfor wired IOT light management systems"},"content":{"rendered":"<p>Steuerungen f\u00fcr verdrahtete IOT Lichtmanagementsysteme mit DALI-2 Technologief\u00fcr verdrahtete IOT Lichtmanagementsysteme . Produkteigenschaften: DALI-2 zertifiziert. IoT-f\u00e4hig mit integriertem Gateway f\u00fcr Datenfernzugriff. Kompatibel mit PC Tool und WebGui . Integration in Geb\u00e4udemanagementsysteme \u00fcber optionale KNX-Schnittstelle. Inbetriebnahme \u00fcber LAN\/WLAN. Kleiner Formfaktor: nur 6 TE (DIN Norm). Produktvorteile: BIOLUX Human Centric Lighting f\u00fcr hochgenaues k\u00fcnstliches Tageslicht in R\u00e4umen. Fernzugriff zum Anpassen der Einstellungen in der Installation von jedem beliebigen Ort. LAN Interconnect f\u00fcr die Verbindung von bis zu 8 Controller in einem Netzwerk. API zur Anbindung einer externen Cloud mit dem DALI Pro2 IoT Controller. Automatisiertes Testen und Berichterstellung von Notbeleuchtungsanlagen. Kompatibel mit dem optionalen VIVARES Cloud Service. Anwendungsgebiete: Geeignet f\u00fcr Installationen im Innenbereich. Raumsteuerung, Stockwerkssteuerung, tageslichtabh\u00e4ngige Regelung. Anbindung von Licht- und Pr\u00e4senzsensorik in DALI-Systeme. LEDVANCE BIOLUX Human Centric Lighting f\u00fcr biologisch wirksames Licht in Innenr\u00e4umen. RGB- und Tunable-White-Anwendungen. LED Lichtb\u00e4nder.<\/p>\n","protected":false},"excerpt":{"rendered":"<p>Steuerungen f\u00fcr verdrahtete IOT Lichtmanagementsysteme mit DALI-2 Technologief\u00fcr verdrahtete IOT Lichtmanagementsysteme . Produkteigenschaften: DALI-2 zertifiziert. IoT-f\u00e4hig mit integriertem Gateway f\u00fcr Datenfernzugriff. Kompatibel mit PC Tool und WebGui . Integration in Geb\u00e4udemanagementsysteme \u00fcber optionale KNX-Schnittstelle. Inbetriebnahme \u00fcber LAN\/WLAN. Kleiner Formfaktor: nur<span class=\"excerpt-hellip\"> [\u2026]<\/span><\/p>\n","protected":false},"featured_media":589769,"template":"","meta":[],"product_brand":[],"product_cat":[87015],"product_tag":[],"class_list":{"0":"post-586242","1":"product","2":"type-product","3":"status-publish","4":"has-post-thumbnail","6":"product_cat-lichtregelsystemkomponente-ledvance","8":"first","9":"instock","10":"taxable","11":"shipping-taxable","12":"product-type-simple"},"_links":{"self":[{"href":"https:\/\/www.arclite-shop.de\/en\/wp-json\/wp\/v2\/product\/586242","targetHints":{"allow":["GET"]}}],"collection":[{"href":"https:\/\/www.arclite-shop.de\/en\/wp-json\/wp\/v2\/product"}],"about":[{"href":"https:\/\/www.arclite-shop.de\/en\/wp-json\/wp\/v2\/types\/product"}],"wp:featuredmedia":[{"embeddable":true,"href":"https:\/\/www.arclite-shop.de\/en\/wp-json\/wp\/v2\/media\/589769"}],"wp:attachment":[{"href":"https:\/\/www.arclite-shop.de\/en\/wp-json\/wp\/v2\/media?parent=586242"}],"wp:term":[{"taxonomy":"product_brand","embeddable":true,"href":"https:\/\/www.arclite-shop.de\/en\/wp-json\/wp\/v2\/product_brand?post=586242"},{"taxonomy":"product_cat","embeddable":true,"href":"https:\/\/www.arclite-shop.de\/en\/wp-json\/wp\/v2\/product_cat?post=586242"},{"taxonomy":"product_tag","embeddable":true,"href":"https:\/\/www.arclite-shop.de\/en\/wp-json\/wp\/v2\/product_tag?post=586242"}],"curies":[{"name":"wp","href":"https:\/\/api.w.org\/{rel}","templated":true}]}}