{"id":359904,"date":"2024-11-19T12:12:41","date_gmt":"2024-11-19T11:12:41","guid":{"rendered":"https:\/\/www.arclite-shop.de\/produkt\/628-ae82831-01-94\/"},"modified":"2026-03-07T12:41:50","modified_gmt":"2026-03-07T11:41:50","slug":"628-ae82831-01-94","status":"publish","type":"product","link":"https:\/\/www.arclite-shop.de\/en\/produkt\/628-ae82831-01-94\/","title":{"rendered":"squareCENTURY 383 - Square recessed luminaires gimbal silver  19W 30\u00b0 3500K CRI90 628-AE82831.01.94"},"content":{"rendered":"<p>Elegante LED Kardaneinbauleuchte f\u00fcr hohe Anspr\u00fcche im Retail, 3-fach. Rahmen pulverbeschichtet. Facettierter Reflektor f\u00fcr optimale Lichtverteilung. Schwenkbereich 20\u00b0. Farbtoleranz 3 SDCM. Lichtstromr\u00fcckgang nach 50.000h L80\/B20. Separates, nicht dimmbares Betriebsger\u00e4t. 5 Jahre Garantie. <\/p>\n","protected":false},"excerpt":{"rendered":"<p>Elegante LED Kardaneinbauleuchte f\u00fcr hohe Anspr\u00fcche im Retail, 3-fach. Rahmen pulverbeschichtet. Facettierter Reflektor f\u00fcr optimale Lichtverteilung. Schwenkbereich 20\u00b0. Farbtoleranz 3 SDCM. Lichtstromr\u00fcckgang nach 50.000h L80\/B20. Separates, nicht dimmbares Betriebsger\u00e4t. 5 Jahre Garantie.<\/p>\n","protected":false},"featured_media":363469,"template":"","meta":[],"product_brand":[],"product_cat":[86615],"product_tag":[],"class_list":{"0":"post-359904","1":"product","2":"type-product","3":"status-publish","4":"has-post-thumbnail","6":"product_cat-eckige-einbauleuchten-kardanisch","8":"first","9":"instock","10":"taxable","11":"shipping-taxable","12":"product-type-simple"},"_links":{"self":[{"href":"https:\/\/www.arclite-shop.de\/en\/wp-json\/wp\/v2\/product\/359904","targetHints":{"allow":["GET"]}}],"collection":[{"href":"https:\/\/www.arclite-shop.de\/en\/wp-json\/wp\/v2\/product"}],"about":[{"href":"https:\/\/www.arclite-shop.de\/en\/wp-json\/wp\/v2\/types\/product"}],"wp:featuredmedia":[{"embeddable":true,"href":"https:\/\/www.arclite-shop.de\/en\/wp-json\/wp\/v2\/media\/363469"}],"wp:attachment":[{"href":"https:\/\/www.arclite-shop.de\/en\/wp-json\/wp\/v2\/media?parent=359904"}],"wp:term":[{"taxonomy":"product_brand","embeddable":true,"href":"https:\/\/www.arclite-shop.de\/en\/wp-json\/wp\/v2\/product_brand?post=359904"},{"taxonomy":"product_cat","embeddable":true,"href":"https:\/\/www.arclite-shop.de\/en\/wp-json\/wp\/v2\/product_cat?post=359904"},{"taxonomy":"product_tag","embeddable":true,"href":"https:\/\/www.arclite-shop.de\/en\/wp-json\/wp\/v2\/product_tag?post=359904"}],"curies":[{"name":"wp","href":"https:\/\/api.w.org\/{rel}","templated":true}]}}