{"id":359781,"date":"2024-11-18T12:49:30","date_gmt":"2024-11-18T11:49:30","guid":{"rendered":"https:\/\/www.arclite-shop.de\/produkt\/02-4099854077111\/"},"modified":"2026-04-16T13:04:36","modified_gmt":"2026-04-16T11:04:36","slug":"02-4099854077111","status":"publish","type":"product","link":"https:\/\/www.arclite-shop.de\/en\/produkt\/02-4099854077111\/","title":{"rendered":"Constant Current LED Driver with Dip Switch Current Adjustment"},"content":{"rendered":"<p>Konstantstrom LED-Treiber mit Dip-Schalter-Stromeinstellung. Produkteigenschaften: Verf\u00fcgbar in 20 W, 30 W, 40 W. Unabh\u00e4ngige Installation mit optionalem Kabelklemmen-Kit. Lebensdauer: bis zu 50.000 h (bei max. tc Temperatur). Schutzart: IP20. Niedriger Ripplestrom &lt; 5%. Versorgungsspannung: 220\u2026240 V. Betriebsfrequenz: 50\/60 Hz. Sicherheit nach EN 61347-1, 61347-2-3, 61347-2-13, 62384. Immunit\u00e4t, St\u00f6rfestigkeit nach EN 61547. Produktvorteile: Hohe Flexibilit\u00e4t durch einstellbare Ausgangsstr\u00f6me \u00fcber Dip-Schalter. Geringes Flackern erm\u00f6glicht hohe Lichtqualit\u00e4t als auch guten visuellen Komfort. 5 Jahre Garantie. Schlankes Geh\u00e4use f\u00fcr schmale Installationen. Hohe Effizienz und Zuverl\u00e4ssigkeit. Anwendungsgebiete: Geeignet f\u00fcr LED-Leuchten und LED-Module. Geeignet f\u00fcr Leuchten der Schutzklasse I und II. F\u00fcr SELV-Installationen in Innenr\u00e4umen. B\u00fcros, Einkaufszentren, Krankenh\u00e4user, Restaurants, Hotels. Geeignet f\u00fcr viele Arten von Leuchten (durch gro\u00dfen, flexible Stromeinstellung). Technische Ausstattung: Kabelklemmen-Kit zur optimierten Zugentlastung.<\/p>\n","protected":false},"excerpt":{"rendered":"<p>Konstantstrom LED-Treiber mit Dip-Schalter-Stromeinstellung. Produkteigenschaften: Verf\u00fcgbar in 20 W, 30 W, 40 W. Unabh\u00e4ngige Installation mit optionalem Kabelklemmen-Kit. Lebensdauer: bis zu 50.000 h (bei max. tc Temperatur). Schutzart: IP20. Niedriger Ripplestrom &lt; 5%. Versorgungsspannung: 220\u2026240 V. Betriebsfrequenz: 50\/60 Hz. Sicherheit<span class=\"excerpt-hellip\"> [\u2026]<\/span><\/p>\n","protected":false},"featured_media":363324,"template":"","meta":[],"product_brand":[],"product_cat":[87021],"product_tag":[],"class_list":{"0":"post-359781","1":"product","2":"type-product","3":"status-publish","4":"has-post-thumbnail","6":"product_cat-led-betriebsgeraet-ledvance","8":"first","9":"instock","10":"taxable","11":"shipping-taxable","12":"product-type-simple"},"_links":{"self":[{"href":"https:\/\/www.arclite-shop.de\/en\/wp-json\/wp\/v2\/product\/359781","targetHints":{"allow":["GET"]}}],"collection":[{"href":"https:\/\/www.arclite-shop.de\/en\/wp-json\/wp\/v2\/product"}],"about":[{"href":"https:\/\/www.arclite-shop.de\/en\/wp-json\/wp\/v2\/types\/product"}],"wp:featuredmedia":[{"embeddable":true,"href":"https:\/\/www.arclite-shop.de\/en\/wp-json\/wp\/v2\/media\/363324"}],"wp:attachment":[{"href":"https:\/\/www.arclite-shop.de\/en\/wp-json\/wp\/v2\/media?parent=359781"}],"wp:term":[{"taxonomy":"product_brand","embeddable":true,"href":"https:\/\/www.arclite-shop.de\/en\/wp-json\/wp\/v2\/product_brand?post=359781"},{"taxonomy":"product_cat","embeddable":true,"href":"https:\/\/www.arclite-shop.de\/en\/wp-json\/wp\/v2\/product_cat?post=359781"},{"taxonomy":"product_tag","embeddable":true,"href":"https:\/\/www.arclite-shop.de\/en\/wp-json\/wp\/v2\/product_tag?post=359781"}],"curies":[{"name":"wp","href":"https:\/\/api.w.org\/{rel}","templated":true}]}}