{"id":359573,"date":"2024-11-14T17:51:17","date_gmt":"2024-11-14T16:51:17","guid":{"rendered":"https:\/\/www.arclite-shop.de\/produkt\/02-4099854136511\/"},"modified":"2026-04-16T13:17:54","modified_gmt":"2026-04-16T11:17:54","slug":"02-4099854136511","status":"publish","type":"product","link":"https:\/\/www.arclite-shop.de\/en\/produkt\/02-4099854136511\/","title":{"rendered":"Renovation rings for the reduction of the existing ceiling cut-out"},"content":{"rendered":"<p>Sanierungsringe f\u00fcr die Reduzierung des vorhandenen Deckenausschnitts. Produkteigenschaften: Material: tiefgezogener Stahl. Nur f\u00fcr LEDVANCE SPOTs mit 68 mm Einbaudurchmesser geeignet. Federn mit weichem Silikon\u00fcberzug. Produktvorteile: Retrofit: Austausch bestehender Decken-Einbauleuchten mit LEDVANCE SPOT FIX und ADJ in neuester LED-Technologie. Standardisieren: Verkleinern des vorhandenen Deckenausschnitts auf einen Standardausschnitt von 68 mm. Vielseitig: Sanierungsringe f\u00fcr vorhandene Deckenausschnitte von ?68 &#8211; ?90 oder ?68 &#8211; ?115 oder ?115 &#8211; ?160 mm. Anwendungsgebiete: Sanierung bestehender Ausschnitte in abgeh\u00e4ngten Decken.<\/p>\n","protected":false},"excerpt":{"rendered":"<p>Sanierungsringe f\u00fcr die Reduzierung des vorhandenen Deckenausschnitts. Produkteigenschaften: Material: tiefgezogener Stahl. Nur f\u00fcr LEDVANCE SPOTs mit 68 mm Einbaudurchmesser geeignet. Federn mit weichem Silikon\u00fcberzug. Produktvorteile: Retrofit: Austausch bestehender Decken-Einbauleuchten mit LEDVANCE SPOT FIX und ADJ in neuester LED-Technologie. Standardisieren: Verkleinern<span class=\"excerpt-hellip\"> [\u2026]<\/span><\/p>\n","protected":false},"featured_media":363328,"template":"","meta":[],"product_brand":[],"product_cat":[87054],"product_tag":[],"class_list":{"0":"post-359573","1":"product","2":"type-product","3":"status-publish","4":"has-post-thumbnail","6":"product_cat-mechanisches-zubehoer-ersatzteile-fuer-leuchten-ledvance","8":"first","9":"instock","10":"taxable","11":"shipping-taxable","12":"product-type-simple"},"_links":{"self":[{"href":"https:\/\/www.arclite-shop.de\/en\/wp-json\/wp\/v2\/product\/359573","targetHints":{"allow":["GET"]}}],"collection":[{"href":"https:\/\/www.arclite-shop.de\/en\/wp-json\/wp\/v2\/product"}],"about":[{"href":"https:\/\/www.arclite-shop.de\/en\/wp-json\/wp\/v2\/types\/product"}],"wp:featuredmedia":[{"embeddable":true,"href":"https:\/\/www.arclite-shop.de\/en\/wp-json\/wp\/v2\/media\/363328"}],"wp:attachment":[{"href":"https:\/\/www.arclite-shop.de\/en\/wp-json\/wp\/v2\/media?parent=359573"}],"wp:term":[{"taxonomy":"product_brand","embeddable":true,"href":"https:\/\/www.arclite-shop.de\/en\/wp-json\/wp\/v2\/product_brand?post=359573"},{"taxonomy":"product_cat","embeddable":true,"href":"https:\/\/www.arclite-shop.de\/en\/wp-json\/wp\/v2\/product_cat?post=359573"},{"taxonomy":"product_tag","embeddable":true,"href":"https:\/\/www.arclite-shop.de\/en\/wp-json\/wp\/v2\/product_tag?post=359573"}],"curies":[{"name":"wp","href":"https:\/\/api.w.org\/{rel}","templated":true}]}}