{"id":359538,"date":"2024-11-14T17:50:44","date_gmt":"2024-11-14T16:50:44","guid":{"rendered":"https:\/\/www.arclite-shop.de\/produkt\/02-4099854062520\/"},"modified":"2026-04-16T13:40:29","modified_gmt":"2026-04-16T11:40:29","slug":"02-4099854062520","status":"publish","type":"product","link":"https:\/\/www.arclite-shop.de\/en\/produkt\/02-4099854062520\/","title":{"rendered":"LED lamps, classic bulb shape"},"content":{"rendered":"<p>LED-Lampen, klassische Kolbenform. Produkteigenschaften: LED-Alternative zu konventionellen Lampen. Nicht dimmbar. Gute Farbwiedergabe (Ra \u2265 80) und Farbstabilit\u00e4t \u00fcber die gesamte Lampenlebensdauer. Produktvorteile: Sehr geringer Energieverbrauch. Einfacher Austausch von Standardgl\u00fchlampen. Anwendungsgebiete: Anwendungen im Haushalt. Allgemeinbeleuchtung. Einsatz im Au\u00dfenbereich nur in geeigneten Au\u00dfenleuchten.<\/p>\n","protected":false},"excerpt":{"rendered":"<p>LED-Lampen, klassische Kolbenform. Produkteigenschaften: LED-Alternative zu konventionellen Lampen. Nicht dimmbar. Gute Farbwiedergabe (Ra \u2265 80) und Farbstabilit\u00e4t \u00fcber die gesamte Lampenlebensdauer. Produktvorteile: Sehr geringer Energieverbrauch. Einfacher Austausch von Standardgl\u00fchlampen. Anwendungsgebiete: Anwendungen im Haushalt. Allgemeinbeleuchtung. Einsatz im Au\u00dfenbereich nur in geeigneten<span class=\"excerpt-hellip\"> [\u2026]<\/span><\/p>\n","protected":false},"featured_media":363647,"template":"","meta":[],"product_brand":[],"product_cat":[87060],"product_tag":[],"class_list":{"0":"post-359538","1":"product","2":"type-product","3":"status-publish","4":"has-post-thumbnail","6":"product_cat-led-lampe-multi-led","8":"first","9":"outofstock","10":"taxable","11":"shipping-taxable","12":"product-type-simple"},"_links":{"self":[{"href":"https:\/\/www.arclite-shop.de\/en\/wp-json\/wp\/v2\/product\/359538","targetHints":{"allow":["GET"]}}],"collection":[{"href":"https:\/\/www.arclite-shop.de\/en\/wp-json\/wp\/v2\/product"}],"about":[{"href":"https:\/\/www.arclite-shop.de\/en\/wp-json\/wp\/v2\/types\/product"}],"wp:featuredmedia":[{"embeddable":true,"href":"https:\/\/www.arclite-shop.de\/en\/wp-json\/wp\/v2\/media\/363647"}],"wp:attachment":[{"href":"https:\/\/www.arclite-shop.de\/en\/wp-json\/wp\/v2\/media?parent=359538"}],"wp:term":[{"taxonomy":"product_brand","embeddable":true,"href":"https:\/\/www.arclite-shop.de\/en\/wp-json\/wp\/v2\/product_brand?post=359538"},{"taxonomy":"product_cat","embeddable":true,"href":"https:\/\/www.arclite-shop.de\/en\/wp-json\/wp\/v2\/product_cat?post=359538"},{"taxonomy":"product_tag","embeddable":true,"href":"https:\/\/www.arclite-shop.de\/en\/wp-json\/wp\/v2\/product_tag?post=359538"}],"curies":[{"name":"wp","href":"https:\/\/api.w.org\/{rel}","templated":true}]}}