{"id":359459,"date":"2024-11-14T17:49:23","date_gmt":"2024-11-14T16:49:23","guid":{"rendered":"https:\/\/www.arclite-shop.de\/produkt\/02-4058075823273\/"},"modified":"2026-04-16T14:11:23","modified_gmt":"2026-04-16T12:11:23","slug":"02-4058075823273","status":"publish","type":"product","link":"https:\/\/www.arclite-shop.de\/en\/produkt\/02-4058075823273\/","title":{"rendered":"LED Replacement for KLLni with 2pol. GX24d socket for operation on KVG\/VVG and mains voltage "},"content":{"rendered":"<p>LED-Ersatz f\u00fcr KLLni mit 2pol. GX24d Stecksockel zum Betrieb am KVG oder Netzspannung. Produkteigenschaften: LED-Ersatz f\u00fcr herk\u00f6mmliche Kompaktleuchtstofflampen in KVG Leuchten oder an Netzspannung. Lebensdauer: bis zu 30.000 h. Drehbarer Sockel um seine L\u00e4ngsachse (\u00b1 90 \u00b0). Einseitiger 2-Stift-Stecksockel GX24d. Schutzart: IP20. Quecksilberfreie Lampen. Produktvorteile: Einfache Installation. Geringer Energieverbrauch. Einfacher Lampenwechsel dank kompaktem Design. Betrieb direkt an 230 V Netzspannung m\u00f6glich. Anwendungsgebiete: Allgemeinbeleuchtung in Umgebungstemperaturen von -20\u2026+45 \u00b0C. Superm\u00e4rkte und Warenh\u00e4user. Flure und G\u00e4nge. Hotels, Restaurants.<\/p>\n","protected":false},"excerpt":{"rendered":"<p>LED-Ersatz f\u00fcr KLLni mit 2pol. GX24d Stecksockel zum Betrieb am KVG oder Netzspannung. Produkteigenschaften: LED-Ersatz f\u00fcr herk\u00f6mmliche Kompaktleuchtstofflampen in KVG Leuchten oder an Netzspannung. Lebensdauer: bis zu 30.000 h. Drehbarer Sockel um seine L\u00e4ngsachse (\u00b1 90 \u00b0). Einseitiger 2-Stift-Stecksockel GX24d.<span class=\"excerpt-hellip\"> [\u2026]<\/span><\/p>\n","protected":false},"featured_media":363794,"template":"","meta":[],"product_brand":[],"product_cat":[87060],"product_tag":[],"class_list":{"0":"post-359459","1":"product","2":"type-product","3":"status-publish","4":"has-post-thumbnail","6":"product_cat-led-lampe-multi-led","8":"first","9":"instock","10":"taxable","11":"shipping-taxable","12":"product-type-simple"},"_links":{"self":[{"href":"https:\/\/www.arclite-shop.de\/en\/wp-json\/wp\/v2\/product\/359459","targetHints":{"allow":["GET"]}}],"collection":[{"href":"https:\/\/www.arclite-shop.de\/en\/wp-json\/wp\/v2\/product"}],"about":[{"href":"https:\/\/www.arclite-shop.de\/en\/wp-json\/wp\/v2\/types\/product"}],"wp:featuredmedia":[{"embeddable":true,"href":"https:\/\/www.arclite-shop.de\/en\/wp-json\/wp\/v2\/media\/363794"}],"wp:attachment":[{"href":"https:\/\/www.arclite-shop.de\/en\/wp-json\/wp\/v2\/media?parent=359459"}],"wp:term":[{"taxonomy":"product_brand","embeddable":true,"href":"https:\/\/www.arclite-shop.de\/en\/wp-json\/wp\/v2\/product_brand?post=359459"},{"taxonomy":"product_cat","embeddable":true,"href":"https:\/\/www.arclite-shop.de\/en\/wp-json\/wp\/v2\/product_cat?post=359459"},{"taxonomy":"product_tag","embeddable":true,"href":"https:\/\/www.arclite-shop.de\/en\/wp-json\/wp\/v2\/product_tag?post=359459"}],"curies":[{"name":"wp","href":"https:\/\/api.w.org\/{rel}","templated":true}]}}