{"id":359415,"date":"2024-11-11T15:12:15","date_gmt":"2024-11-11T14:12:15","guid":{"rendered":"https:\/\/www.arclite-shop.de\/produkt\/733-aa81048-00-91\/"},"modified":"2026-04-16T14:24:49","modified_gmt":"2026-04-16T12:24:49","slug":"733-aa81048-00-91","status":"publish","type":"product","link":"https:\/\/www.arclite-shop.de\/en\/produkt\/733-aa81048-00-91\/","title":{"rendered":"LED recessed wallwasher, roundCENTURY 705M white 15W 36\u00b0 3000K CRI80 AA81048.01.91"},"content":{"rendered":"<p>Wallwash-Effekt f\u00fcr Allgemenibeleuchtung, bis zu 3 m Deckenh\u00f6he. Geh\u00e4use aus Aluminium.<br \/>\nDrehbereich 355\u00b0. Reflektorschwenkbereich 30\u00b0.<br \/>\nFarbtoleranz 3 SDCM. Lichtstromr\u00fcckgang nach 50.000h L80\/B10.<br \/>\nSeparates, nicht dimmbares Betriebsger\u00e4t.<\/p>\n","protected":false},"excerpt":{"rendered":"<p>Wallwash-Effekt f\u00fcr Allgemenibeleuchtung, bis zu 3 m Deckenh\u00f6he. Geh\u00e4use aus Aluminium. Drehbereich 355\u00b0. Reflektorschwenkbereich 30\u00b0. Farbtoleranz 3 SDCM. Lichtstromr\u00fcckgang nach 50.000h L80\/B10. Separates, nicht dimmbares Betriebsger\u00e4t.<\/p>\n","protected":false},"featured_media":363922,"template":"","meta":[],"product_brand":[],"product_cat":[88682],"product_tag":[],"class_list":{"0":"post-359415","1":"product","2":"type-product","3":"status-publish","4":"has-post-thumbnail","6":"product_cat-angebote","8":"first","9":"instock","10":"taxable","11":"shipping-taxable","12":"product-type-simple"},"_links":{"self":[{"href":"https:\/\/www.arclite-shop.de\/en\/wp-json\/wp\/v2\/product\/359415","targetHints":{"allow":["GET"]}}],"collection":[{"href":"https:\/\/www.arclite-shop.de\/en\/wp-json\/wp\/v2\/product"}],"about":[{"href":"https:\/\/www.arclite-shop.de\/en\/wp-json\/wp\/v2\/types\/product"}],"wp:featuredmedia":[{"embeddable":true,"href":"https:\/\/www.arclite-shop.de\/en\/wp-json\/wp\/v2\/media\/363922"}],"wp:attachment":[{"href":"https:\/\/www.arclite-shop.de\/en\/wp-json\/wp\/v2\/media?parent=359415"}],"wp:term":[{"taxonomy":"product_brand","embeddable":true,"href":"https:\/\/www.arclite-shop.de\/en\/wp-json\/wp\/v2\/product_brand?post=359415"},{"taxonomy":"product_cat","embeddable":true,"href":"https:\/\/www.arclite-shop.de\/en\/wp-json\/wp\/v2\/product_cat?post=359415"},{"taxonomy":"product_tag","embeddable":true,"href":"https:\/\/www.arclite-shop.de\/en\/wp-json\/wp\/v2\/product_tag?post=359415"}],"curies":[{"name":"wp","href":"https:\/\/api.w.org\/{rel}","templated":true}]}}