{"id":355242,"date":"2024-10-31T18:17:15","date_gmt":"2024-10-31T17:17:15","guid":{"rendered":"https:\/\/www.arclite-shop.de\/produkt\/883-09066\/"},"modified":"2026-04-16T15:26:29","modified_gmt":"2026-04-16T13:26:29","slug":"883-09066","status":"publish","type":"product","link":"https:\/\/www.arclite-shop.de\/en\/produkt\/883-09066\/","title":{"rendered":"6 in 1 Emergency Exit Blade - Safety Light white 2W 180\u00b0 6500K CRI70 883-09066"},"content":{"rendered":"<p>Multifunktionale LED Hinweis-oder Notlichtleuchte f\u00fcr bis zu 6 verschiedenen Anwendungen. Hochwertiges ABS \/ Polycarbonat Geh\u00e4use. Geeignet f\u00fcr Auslege-, Abh\u00e4ngung-, Aufbau-, Einbau- und Wandmontage. Gleichzeitig Hinweisleuchte oder 3h Notlichtleuchte. Piktogramm Richtungspfeil links oder rechts als Zubeh\u00f6r separat bestellen. Selbsttestfunktion. Integriertes, nicht dimmbares Betriebsger\u00e4t. 5 Jahre Garantie. <\/p>\n","protected":false},"excerpt":{"rendered":"<p>Multifunktionale LED Hinweis-oder Notlichtleuchte f\u00fcr bis zu 6 verschiedenen Anwendungen. Hochwertiges ABS \/ Polycarbonat Geh\u00e4use. Geeignet f\u00fcr Auslege-, Abh\u00e4ngung-, Aufbau-, Einbau- und Wandmontage. Gleichzeitig Hinweisleuchte oder 3h Notlichtleuchte. Piktogramm Richtungspfeil links oder rechts als Zubeh\u00f6r separat bestellen. Selbsttestfunktion. Integriertes, nicht<span class=\"excerpt-hellip\"> [\u2026]<\/span><\/p>\n","protected":false},"featured_media":262107,"template":"","meta":[],"product_brand":[],"product_cat":[86613],"product_tag":[],"class_list":{"0":"post-355242","1":"product","2":"type-product","3":"status-publish","4":"has-post-thumbnail","6":"product_cat-sicherheitsleuchte-leuchten","8":"first","9":"instock","10":"taxable","11":"shipping-taxable","12":"product-type-simple"},"_links":{"self":[{"href":"https:\/\/www.arclite-shop.de\/en\/wp-json\/wp\/v2\/product\/355242","targetHints":{"allow":["GET"]}}],"collection":[{"href":"https:\/\/www.arclite-shop.de\/en\/wp-json\/wp\/v2\/product"}],"about":[{"href":"https:\/\/www.arclite-shop.de\/en\/wp-json\/wp\/v2\/types\/product"}],"wp:featuredmedia":[{"embeddable":true,"href":"https:\/\/www.arclite-shop.de\/en\/wp-json\/wp\/v2\/media\/262107"}],"wp:attachment":[{"href":"https:\/\/www.arclite-shop.de\/en\/wp-json\/wp\/v2\/media?parent=355242"}],"wp:term":[{"taxonomy":"product_brand","embeddable":true,"href":"https:\/\/www.arclite-shop.de\/en\/wp-json\/wp\/v2\/product_brand?post=355242"},{"taxonomy":"product_cat","embeddable":true,"href":"https:\/\/www.arclite-shop.de\/en\/wp-json\/wp\/v2\/product_cat?post=355242"},{"taxonomy":"product_tag","embeddable":true,"href":"https:\/\/www.arclite-shop.de\/en\/wp-json\/wp\/v2\/product_tag?post=355242"}],"curies":[{"name":"wp","href":"https:\/\/api.w.org\/{rel}","templated":true}]}}